{"id":76,"date":"2022-08-18T07:39:04","date_gmt":"2022-08-18T07:39:04","guid":{"rendered":"https:\/\/metaskills.erasmus.site\/?page_id=76"},"modified":"2022-12-02T14:10:57","modified_gmt":"2022-12-02T14:10:57","slug":"about","status":"publish","type":"page","link":"https:\/\/metaskills.erasmus.site\/et\/about\/","title":{"rendered":"PROJEKTI KOHTA"},"content":{"rendered":"<p>Projekt toetab t\u00e4iskasvanuharidusasutuste digitaalsete \u00fcmberkorralduste plaane, suurendades mitte ainult asutuste, vaid ka nende \u00f5ppijate suutlikkust ja valmisolekut, andes \u00f5ppijatele, \u00f5petajatele ja t\u00e4iskasvanuhariduskeskuste juhtidele oskusi ja teadmisi, et juhtida t\u00f5husat \u00fcleminekut digitaalsele haridusele. Projekt pakub sihip\u00e4rast ja eesm\u00e4rgip\u00e4rast digitehnoloogiate kasutamist t\u00e4iskasvanuhariduses, et toetada \u00f5petamist, \u00f5ppimist, hindamist ja kaasamist. Projekti raames arendatakse \u00f5petajatele mitmeid digitaalpedagoogika oskusi ja p\u00e4devusi, et julgustada ja toetada \u00f5ppijaid kriitilise m\u00f5tlemise, refleksiooni ja metakognitiivse l\u00e4henemise omaksv\u00f5tmisel oma \u00f5pir\u00e4nnakul. Projekti tulemusel arendatakse edasi olemasolevaid Euroopa digitaalseid raamistikke, et luua kohandatud vahendite kogum, mis toetab haavatavaid, alaesindatud t\u00e4iskasvanud \u00f5ppijaid nii isiklikult kui ka professionaalselt. Projekti eesm\u00e4rk on parandada haavatavate, madala kvalifikatsiooniga ja NEET-\u00f5ppej\u00f5udude jaoks kvaliteetseid \u00f5ppimisv\u00f5imalusi, pakkudes neile t\u00e4iendkoolitusv\u00f5imalusi, et nad suudaksid juhtida oma \u00f5pir\u00e4nnet, j\u00e4lgida ja hinnata oma edusamme ning l\u00f5puks arendada oma metakognitiivset v\u00f5imet kohaneda, et j\u00e4tkata \u00f5ppimist enesemotivatsiooni abil keerulistes olukordades, nagu n\u00e4iteks Covid-19 pandeemia.<\/p>\n<p><strong>Projekti l\u00f5ppeesm\u00e4rgid on j\u00e4rgmised:<\/strong><\/p>\n<ul>\n<li>Luua haavatavatele ja madala kvalifikatsiooniga t\u00e4iskasvanud \u00f5ppijatele selge ja otsene t\u00e4iendkoolituse tee, et parandada nende juurdep\u00e4\u00e4su ebatavalistele, kuid v\u00e4ga olulistele oskustele;<\/li>\n<li>toetada t\u00e4iskasvanuhariduse kasutamise suurendamist, suurendades madala oskuste, teadmiste ja p\u00e4devustega t\u00e4iskasvanute v\u00f5imet edukalt l\u00e4bida t\u00e4iskasvanuhariduse kursusi ja kvalifikatsiooni;<\/li>\n<li>Parandada koolitajate juhendamis- ja n\u00f5ustamisoskusi kui teenust, et tagada t\u00e4iskasvanud \u00f5ppijate asjakohane \u00f5ppimisv\u00f5ime kogu elu jooksul koos nende metakognitiivsete oskustega;<\/li>\n<li>pakkuda ressursse, koolitust ja toetust, et pakkuda t\u00e4iskasvanud \u00f5ppijatele t\u00f5husaid teavitamis-, n\u00f5ustamis- ja motivatsioonistrateegiaid.<\/li>\n<\/ul>\n<p><strong>Oodatavad tulemused on j\u00e4rgmised:<\/strong><\/p>\n<ul>\n<li>&#8220;Metakognitiivsete parimate tavade k\u00e4siraamat&#8221; &#8211; mis kogub ja anal\u00fc\u00fcsib parimaid tavasid metakognitiivsete tegevuste kasutamisel, et toetada refleksioonilist ja isejuhtivat \u00f5ppimist t\u00e4iskasvanuhariduse \u00f5pikeskkondades, eriti madala kvalifikatsiooniga ja NEET-\u00f5ppej\u00f5ude;<\/li>\n<li>Metakognitiivse p\u00e4devuse raamistik &#8211; t\u00f5hus meetod \u00f5ppijate metakognitiivsete teadmiste, oskuste ja hoiakute hindamiseks, s\u00e4ilitamiseks ja j\u00e4lgimiseks ning nende suunas liikumise j\u00e4lgimiseks;<\/li>\n<li>metakognitiivse \u00f5ppija interaktiivne e-kursus &#8211; 30-tunnine kursus, mille eesm\u00e4rk on tutvustada, selgitada ja julgustada madala kvalifikatsiooniga\/hariduseta t\u00e4iskasvanud \u00f5ppijaid mitme<\/li>\n<li>kaasahaarava interaktiivse mooduli abil, mis k\u00e4sitlevad \u00fcksikasjalikult metakognitiivse raamistiku iga p\u00e4devust;<\/li>\n<li>Metakognitiivne toetaja e-kursus &#8211; 15-tunnine e-kursus ja toetavad t\u00e4iendkoolitusressursid t\u00e4iendavad, t\u00e4iendavad ja keskenduvad t\u00e4iskasvanute koolitajatele ja koolitajatele, et neil oleksid oskused ja teadmised, mis v\u00f5imaldavad aktiivselt toetada ja suunata t\u00e4iskasvanud \u00f5ppijate metakognitiivsete oskustega seotud isejuhtivat ja reflekteerivat \u00f5ppetegevust.<br \/>\nMetakognitsiooni muutuste juhtimise t\u00f6\u00f6riistakomplekt &#8211; mis pakub t\u00e4iskasvanuhariduse organisatsioonidele ja nende juhtidele p\u00f5hiressursse, et toetada oma \u00f5petajaid ja \u00f5ppijaid metakognitsiooni integreerimiseks olemasolevasse t\u00e4iskasvanuhariduse \u00f5pikeskkonda j\u00e4tkusuutlikuks \u00fcleminekuks.&#8221;<\/li>\n<\/ul>\n<p><strong>Projekti tegevused on j\u00e4rgmised:<\/strong><\/p>\n<ul>\n<li>Metakognitiivsete tegevuste parimate tavade uurimise ja anal\u00fc\u00fcsi l\u00e4biviimine, et parandada t\u00e4iskasvanuhariduse \u00f5ppimisv\u00f5imalusi;<\/li>\n<li>T\u00f5husate ja uuenduslike meetodite ja metoodikate loomine, et hinnata, s\u00e4ilitada ja parandada t\u00e4iskasvanud \u00f5ppijate metakognitiivseid teadmisi ja oskusi \u00f5ppimisv\u00f5imaluste ja digihariduse loomise kaudu;<\/li>\n<li>kvaliteetse interaktiivse e-kursuse ja t\u00f6\u00f6riistakomplekti koostamine, mis pakub madala kvalifikatsiooniga t\u00e4iskasvanud \u00f5ppijatele (eelk\u00f5ige NEET) \u00f5ppimisv\u00f5imalusi ning t\u00e4iend- ja \u00fcmber\u00f5pet t\u00e4iskasvanute koolitajatele, et vastata paremini \u00f5ppijate vajadustele, katsetades koos nendega realiseeritud tooteid.<\/li>\n<\/ul>\n<p>Projekti oodatav m\u00f5ju haavatavatele, madala kvalifikatsiooniga, NEET-\u00f5ppej\u00f5ule on: parem eneseteadlikkus, paremad kriitilise m\u00f5tlemise oskused, paremad isikliku arengu ja juhtimisoskused, suurem t\u00f6\u00f6alane konkurentsiv\u00f5ime ja tootlikkus, isiklik v\u00f5imekus ja iseseisvus.<\/p>\n<p>Samuti on oodatav m\u00f5ju t\u00e4iskasvanuhariduse t\u00f6\u00f6tajatele ja \u00f5petajatele: s\u00fcgavam teadlikkus metakognitiivsetest p\u00f5hip\u00e4devustest, arusaam metakognitiivsest regulatsioonist, teadmised ja praktiline rakendamine sellest, kuidas juhtida \u00f5ppijat planeerimise, j\u00e4lgimise, hindamise ja refleksiooni etappide kaudu, suurem teadlikkus metakognitiivsete \u00f5ppijate t\u00fc\u00fcpidest, arusaam metakognitsiooni piirangutest ja asjakohasusest, suurem juurdep\u00e4\u00e4s ja teadlikkus laiemast koolitusmaterjalide ja -ressursside pangast.<\/p>","protected":false},"excerpt":{"rendered":"<p>Projekt toetab t\u00e4iskasvanuharidusasutuste digitaalsete \u00fcmberkorralduste plaane, suurendades mitte ainult asutuste, vaid ka nende \u00f5ppijate suutlikkust ja valmisolekut, andes \u00f5ppijatele, \u00f5petajatele&hellip;&nbsp;<a href=\"https:\/\/metaskills.erasmus.site\/et\/about\/\" rel=\"bookmark\">Read More &raquo;<span class=\"screen-reader-text\">PROJEKTI KOHTA<\/span><\/a><\/p>\n","protected":false},"author":1,"featured_media":0,"parent":0,"menu_order":0,"comment_status":"closed","ping_status":"closed","template":"","meta":{"neve_meta_sidebar":"","neve_meta_container":"","neve_meta_enable_content_width":"off","neve_meta_content_width":100,"neve_meta_title_alignment":"","neve_meta_author_avatar":"","neve_post_elements_order":"","neve_meta_disable_header":"","neve_meta_disable_footer":"","neve_meta_disable_title":"","footnotes":""},"class_list":["post-76","page","type-page","status-publish","hentry"],"_links":{"self":[{"href":"https:\/\/metaskills.erasmus.site\/et\/wp-json\/wp\/v2\/pages\/76","targetHints":{"allow":["GET"]}}],"collection":[{"href":"https:\/\/metaskills.erasmus.site\/et\/wp-json\/wp\/v2\/pages"}],"about":[{"href":"https:\/\/metaskills.erasmus.site\/et\/wp-json\/wp\/v2\/types\/page"}],"author":[{"embeddable":true,"href":"https:\/\/metaskills.erasmus.site\/et\/wp-json\/wp\/v2\/users\/1"}],"replies":[{"embeddable":true,"href":"https:\/\/metaskills.erasmus.site\/et\/wp-json\/wp\/v2\/comments?post=76"}],"version-history":[{"count":10,"href":"https:\/\/metaskills.erasmus.site\/et\/wp-json\/wp\/v2\/pages\/76\/revisions"}],"predecessor-version":[{"id":132,"href":"https:\/\/metaskills.erasmus.site\/et\/wp-json\/wp\/v2\/pages\/76\/revisions\/132"}],"wp:attachment":[{"href":"https:\/\/metaskills.erasmus.site\/et\/wp-json\/wp\/v2\/media?parent=76"}],"curies":[{"name":"wp","href":"https:\/\/api.w.org\/{rel}","templated":true}]}}