{"id":83,"date":"2022-08-18T07:41:04","date_gmt":"2022-08-18T07:41:04","guid":{"rendered":"https:\/\/metaskills.erasmus.site\/?page_id=83"},"modified":"2022-12-02T18:34:48","modified_gmt":"2022-12-02T18:34:48","slug":"partners","status":"publish","type":"page","link":"https:\/\/metaskills.erasmus.site\/et\/partners\/","title":{"rendered":"Partnerid"},"content":{"rendered":"<p><\/p>\n<h2><img fetchpriority=\"high\" decoding=\"async\" class=\"wp-image-108 size-full aligncenter\" src=\"https:\/\/metaskills.erasmus.site\/wp-content\/uploads\/2022\/09\/usu.png\" alt=\"\" width=\"300\" height=\"300\" srcset=\"https:\/\/metaskills.erasmus.site\/wp-content\/uploads\/2022\/09\/usu.png 300w, https:\/\/metaskills.erasmus.site\/wp-content\/uploads\/2022\/09\/usu-150x150.png 150w\" sizes=\"(max-width: 300px) 100vw, 300px\" \/><\/h2>\n<h2 style=\"text-align: center;\"><strong>USV<\/strong><\/h2>\n<p>Stefan cel Mare \u00dclikool Suceava (USV) on uhke, et ta on \u00fcks Euroopa k\u00f5rgharidusasutustest, mille eesm\u00e4rk on aidata kaasa teadmiste loomisele ja levitamisele kvaliteetse hariduse ja koolituse, teadusuuringute ja innovatsiooni, inimarengu ja ettev\u00f5tluse kaudu. USV kuulub silmapaistvate teadustulemustega Rumeenia tipp\u00fclikoolide hulka.<br \/>\nUSV asub oluliste Euroopa kultuuride kokkupuutepunktis, mist\u00f5ttu mitmekesisuse austamine on \u00fcks akadeemilise kogukonna peamisi v\u00e4\u00e4rtusi. USV missiooniks on aidata kaasa kogukonna hariduslikule, sotsiaalsele ja majanduslikule arengule, pakkudes k\u00e4ttesaadavaid ja rahvusvaheliselt tunnustatud haridusprogramme, \u00f5petades kodanikuaktiivsust ja paremat sotsiaalset kaasatust ning vastutustundlikku k\u00e4itumist keskkonna ja \u00fchiskonna suhtes.<br \/>\nT\u00e4iskasvanuharidus on USV jaoks esmat\u00e4htis, mist\u00f5ttu USV suhtleb d\u00fcnaamiliselt kohalike ja piirkondlike kogukondadega, et rahuldada nende vajadusi kvaliteetse hariduse andmise ja v\u00f5imaluste k\u00e4ttesaadavuse kaudu. USV haridusalgatused ja Euroopa projektid tegelevad peamiste majanduslike, keskkonnaalaste ja sotsiaalsete k\u00fcsimustega, mille eesm\u00e4rk on toetada ja avaldada pikaajalist m\u00f5ju. USV osalemine kohaliku kogukonna elus v\u00f5tab erinevaid vorme, p\u00fc\u00fcdes tagada juurdep\u00e4\u00e4su teadmistele, t\u00f5sta teadlikkust, tugevdada olulisi oskusi, kujundada vaimsust, parandada elatustaset ja luua asjakohaseid v\u00f5imalusi.<\/p>\n<p><strong>Veebisait: <\/strong><a href=\"https:\/\/usv.ro\/\">https:\/\/usv.ro\/<\/a><\/p>\n<hr \/>\n<h2><img decoding=\"async\" class=\"wp-image-92 size-full aligncenter\" src=\"https:\/\/metaskills.erasmus.site\/wp-content\/uploads\/2022\/08\/kea.png\" alt=\"\" width=\"300\" height=\"300\" srcset=\"https:\/\/metaskills.erasmus.site\/wp-content\/uploads\/2022\/08\/kea.png 300w, https:\/\/metaskills.erasmus.site\/wp-content\/uploads\/2022\/08\/kea-150x150.png 150w\" sizes=\"(max-width: 300px) 100vw, 300px\" \/><\/h2>\n<h2 style=\"text-align: center;\"><strong>KENTRO EREUNAS KAI ANAPTYXIS IERAS MHTROPOLIS SYROU\/KEA IM SYROU (Syros, Greece)<\/strong><\/h2>\n<p>KEA IM Syrou (EL) is a non-profit organization, NGO providing research and paths to test, develop and empower the social and labor dimension in the Cyclades and South Aegean prefecture. KEA IM Syrou operates at local, national, and international level, with an evidence-based experiences both of EU-projects and locally funded ESF programs. Thru the successful implementation of the projects KEA IM Syrou has been exchanging know how and transferring experience and a high degree of expertise regarding both methodology development and production of practical solutions matching specific vocational and professional development needs while enriching our national training activities and projects with the employment of innovative participative tools and methodologies towards the promotion of cultural, educational, scientific and sustainable development. Our aim is to facilitate the interaction of groups, to develop innovative approaches for the integration and rehabilitation of unemployed and vulnerable social groups, to provide counselling and guidance and to protect our environment and cultural heritage.<\/p>\n<p><strong>Veebisait:<\/strong> <a href=\"http:\/\/www.keaimsyrou.gr\" target=\"_blank\" rel=\"noopener\">www.keaimsyrou.gr<\/a><\/p>\n<hr \/>\n<h2><img decoding=\"async\" class=\"wp-image-89 size-full aligncenter\" src=\"https:\/\/metaskills.erasmus.site\/wp-content\/uploads\/2022\/08\/danmar.png\" alt=\"\" width=\"300\" height=\"300\" srcset=\"https:\/\/metaskills.erasmus.site\/wp-content\/uploads\/2022\/08\/danmar.png 300w, https:\/\/metaskills.erasmus.site\/wp-content\/uploads\/2022\/08\/danmar-150x150.png 150w\" sizes=\"(max-width: 300px) 100vw, 300px\" \/><\/h2>\n<h2 style=\"text-align: center;\">Danmar Computers<\/h2>\n<p>Danmar Computers on eraettev\u00f5te, mis tegutseb infotehnoloogia valdkonnas ja pakub selles valdkonnas kutse\u00f5pet. Ettev\u00f5tte t\u00f6\u00f6tajatel on pikaajaline kogemus kaasaegsete veebi- ja mobiilirakenduste arendamisel, mida kasutatakse hariduslikel eesm\u00e4rkidel. Neil on ka pikaajaline kogemus Euroopa projektide l\u00e4biviimisel, mille raames ettev\u00f5tte teadus- ja arendustegevuse t\u00f6\u00f6tajad viivad l\u00e4bi teadusuuringuid ja valmistavad ette erinevate \u00f5ppijate vajadustele kohandatud koolitusi. Danmar Computers on muu hulgas viinud l\u00e4bi Euroopa Liidu haridusprogramme: Progress, varem Leonardo da Vinci ja Grundtvig, praegu Erasmus+ ja Horizon2020. Paljude nende projektide puhul oli Danmar vastutav levitamisstrateegiate v\u00e4ljat\u00f6\u00f6tamise ja koordineerimise eest. Danmar Computers on ka Euroopa projektide haldamiseks m\u00f5eldud veebip\u00f5hise s\u00fcsteemi AdminProject arendaja ja pakkuja.<br \/>\nEttev\u00f5tte kogu tegevus p\u00f5hineb laial ja v\u00e4ljakujunenud koost\u00f6\u00f6v\u00f5rgustikul nii riiklikul kui ka rahvusvahelisel tasandil. Riiklikud v\u00f5rgustikud h\u00f5lmavad koolitus- ja n\u00f5ustamisasutusi, \u00fclikoole, koole, valitsusv\u00e4liseid organisatsioone ja erasektori ettev\u00f5tteid. Rahvusvahelisse v\u00f5rgustikku kuuluvad erineva profiiliga partnerid, kes on p\u00e4rit igast Euroopa Liidu riigist. Danmar Computeri missiooniks on elukestva \u00f5ppe edendamine ja k\u00f5igile v\u00f5rdse juurdep\u00e4\u00e4su tagamine haridusele kaasaegse tehnoloogia abil.<\/p>\n<p>Veebisait: <a href=\"https:\/\/www.danmar-computers.com.pl\/\">www.danmar-computers.com.pl<\/a><\/p>\n<hr \/>\n<h2><img loading=\"lazy\" decoding=\"async\" class=\"wp-image-90 size-full aligncenter\" src=\"https:\/\/metaskills.erasmus.site\/wp-content\/uploads\/2022\/08\/ed.png\" alt=\"\" width=\"300\" height=\"300\" srcset=\"https:\/\/metaskills.erasmus.site\/wp-content\/uploads\/2022\/08\/ed.png 300w, https:\/\/metaskills.erasmus.site\/wp-content\/uploads\/2022\/08\/ed-150x150.png 150w\" sizes=\"(max-width: 300px) 100vw, 300px\" \/><\/h2>\n<h2 style=\"text-align: center;\">E&amp;D Knowledge Consulting<\/h2>\n<p>E&amp;D Knowledge Consulting on konsultatsiooni- ja koolitusettev\u00f5te, mis on spetsialiseerunud innovatsiooni edendamiseks vajalike p\u00e4devuste arendamise toetamisele ettev\u00f5tluses, avalikus ja sotsiaalsektoris. E&amp;D pakub juhtidele ja ettev\u00f5tjatele p\u00e4devusi, teadmisi ja vahendeid, mis on vajalikud innovatsioonistrateegiate edukaks rakendamiseks ja elluviimiseks oma organisatsioonis ning innovatsiooni edendamiseks oma keskkonnas. E&amp;D toetab organisatsioone, et muuta innovatsioon nende DNA osaks &#8211; alates innovatsiooniaudititest, innovatsioonistrateegiate m\u00e4\u00e4ratlemise ja rakendamise toetamise kaudu kuni organisatsioonide individuaalsetele vajadustele kohandatud innovatsiooniprotsesside ja -mehhanismide v\u00e4ljat\u00f6\u00f6tamiseni.<\/p>\n<p>E&amp;D tooted m\u00e4\u00e4ratletakse individuaalselt, l\u00e4htudes iga organisatsiooni konkreetsetest vajadustest. M\u00f5ned k\u00f5ige tavalisemad sekkumised h\u00f5lmavad j\u00e4rgmist:<\/p>\n<ul>\n<li>Innovatsiooni m\u00f5istmine mitte- ja madaltehnoloogiliste sektorite spetsialistide hulgas ning nende v\u00f5ime rakendada innovatsiooniprotsessi ja muuta innovatsioonip\u00fc\u00fcdlused kasumiks,<\/li>\n<li>\u00e4rimudelite arendamine ja uuendamine,<\/li>\n<li>loovate protsesside ja innovatsiooni ideede v\u00e4ljat\u00f6\u00f6tamise toetamine,<\/li>\n<li>Innovatsioonim\u00f5tte arendamine \u00fcksikisikute ja organisatsioonide seas,<\/li>\n<li>Innovatsioonimehhanismide ja -kultuuri arendamine,<\/li>\n<li>ettev\u00f5tlusoskuste ja pehmete oskuste arendamine,<\/li>\n<li>Koost\u00f6\u00f6 innovatsiooni eesm\u00e4rgil (oskused, mehhanismid ja vahendid suhete loomiseks ja avatud innovatsiooniks).<\/li>\n<\/ul>\n<p><strong>Veebisait: <\/strong><a href=\"http:\/\/www.ed-knowledgeconsulting.com\/\">www.ed-knowledgeconsulting.com\/<\/a><\/p>\n<hr \/>\n<h2><img loading=\"lazy\" decoding=\"async\" class=\"wp-image-87 size-full aligncenter\" src=\"https:\/\/metaskills.erasmus.site\/wp-content\/uploads\/2022\/08\/cesie.png\" alt=\"\" width=\"300\" height=\"300\" srcset=\"https:\/\/metaskills.erasmus.site\/wp-content\/uploads\/2022\/08\/cesie.png 300w, https:\/\/metaskills.erasmus.site\/wp-content\/uploads\/2022\/08\/cesie-150x150.png 150w\" sizes=\"(max-width: 300px) 100vw, 300px\" \/><\/h2>\n<h2 style=\"text-align: center;\">CESIE<\/h2>\n<p>CESIE on 2001. aastal Palermos (Itaalia) asutatud mittetulunduslik ja valitsusv\u00e4line organisatsioon, mis on p\u00fchendunud kultuurilise, sotsiaalse, haridusliku ja majandusliku arengu edendamisele kohalikul, riiklikul, Euroopa ja rahvusvahelisel tasandil. CESIE aitab kaasa majanduskasvule ja arengule inimeste, kodaniku\u00fchiskonna ja institutsioonide aktiivse osalemise kaudu, v\u00e4\u00e4rtustades alati mitmekesisust. Inspireerituna Danilo Dolci t\u00f6\u00f6st ja elust, keskendub CESIE oma tegevuses sotsiaalsete vajaduste ja probleemide uurimisele ning uuenduslike \u00f5ppemeetodite kasutamisele. Sel viisil \u00fchendab organisatsioon aktiivselt teadusuuringud tegevusega, kasutades formaalse ja mitteformaalse \u00f5ppimise l\u00e4henemisviise, j\u00e4rgides samal ajal oma peamist missiooni edendada haridusuuendusi, osalemist ja kasvu. Organisatsiooni struktuur jaguneb 6 temaatiliseks \u00fcksuseks, mis t\u00f6\u00f6tavad s\u00fcnergias ja haldavad tegevust oma konkreetsetes valdkondades: T\u00e4iskasvanuharidus (elukestva \u00f5ppe v\u00f5imalused) Kooliharidus (innovatsioon ja mitmekesisuse toetamine koolihariduses) R\u00e4nne Noored K\u00f5rgharidus ja teadusuuringud \u00d5igused ja \u00f5igus.<\/p>\n<p><strong>Veebisait:<\/strong><\/p>\n<p><a href=\"http:\/\/www.cesie.org\" target=\"_blank\" rel=\"noopener\">www.cesie.org<\/a><\/p>\n<hr \/>\n<h2><img loading=\"lazy\" decoding=\"async\" class=\"size-full wp-image-85 aligncenter\" src=\"https:\/\/metaskills.erasmus.site\/wp-content\/uploads\/2022\/08\/ades.png\" alt=\"\" width=\"300\" height=\"300\" srcset=\"https:\/\/metaskills.erasmus.site\/wp-content\/uploads\/2022\/08\/ades.png 300w, https:\/\/metaskills.erasmus.site\/wp-content\/uploads\/2022\/08\/ades-150x150.png 150w\" sizes=\"(max-width: 300px) 100vw, 300px\" \/><\/h2>\n<h2 style=\"text-align: center;\">ADES<\/h2>\n<p>(Association for Economic and Social Development) Curtea de Arges&#8217;ist, Rumeeniast, on mittetulundus\u00fching, mis sai juriidiliseks isikuks (MT\u00dc) 1995. aasta juunis. ADESi missioon on luua positiivseid sotsiaalseid ja majanduslikke muutusi kogukondades kogu Rumeenias professionaalselt, eetiliselt ja vastutustundlikult.<\/p>\n<p>ADESi meeskonna eesm\u00e4rk on arendada isiklikke ja ametialaseid oskusi, toetada VKEde arengut ja laienemist, parandada sotsiaalseid ja majanduslikke tingimusi kohalikes kogukondades.<\/p>\n<p>Alates 1995. aastast on ADES edukalt v\u00e4lja t\u00f6\u00f6tanud ja rakendanud \u00fcle 50 projekti, mida rahastavad Euroopa Liit, Maailmapank, USA saatkond, Euroopa ettev\u00f5tluse arendamise programm, Avatud \u00dchiskonna Fond, Heategevusfond jne. ADES on teinud v\u00e4ga tihedat koost\u00f6\u00f6d kogukondade, rahastamisallikate ja rakenduspartneritega (kohalikud ametiasutused, ettev\u00f5tted, valitsusv\u00e4lised organisatsioonid ja koolid), et viia ellu sotsiaalmajanduslikke arenguprojekte.<\/p>\n<p>Lisateavet ADESi kohta leiate aadressil: <a href=\"https:\/\/www.facebook.com\/ADESCDA\/\">www.facebook.com\/ADESCDA\/<\/a> ja <a href=\"https:\/\/www.linkedin.com\/company\/43363632\">https:\/\/www.linkedin.com\/company\/43363632<\/a>.<\/p>\n<hr \/>\n<h2><img loading=\"lazy\" decoding=\"async\" class=\"wp-image-88 size-full aligncenter\" src=\"https:\/\/metaskills.erasmus.site\/wp-content\/uploads\/2022\/08\/cuiblue.png\" alt=\"\" width=\"300\" height=\"300\" srcset=\"https:\/\/metaskills.erasmus.site\/wp-content\/uploads\/2022\/08\/cuiblue.png 300w, https:\/\/metaskills.erasmus.site\/wp-content\/uploads\/2022\/08\/cuiblue-150x150.png 150w\" sizes=\"(max-width: 300px) 100vw, 300px\" \/><\/h2>\n<h2 style=\"text-align: center;\">Cuiablue<\/h2>\n<p>Cuiablue O\u00dc on sotsiaalne ettev\u00f5te, mis edendab positiivseid sotsiaalseid ja keskkonnaalaseid muutusi loovate hariduslahenduste kaudu kohandatud mitteformaalse \u00f5ppimise ja kutse\u00f5ppe jaoks. Cuiablue O\u00dc p\u00f5hitegevuseks on sotsiaalse innovatsiooni ja teadusprojektide ja -programmide kavandamine, arendamine, juhtimine, rakendamine ning laialdane levitamine ja kasutamine, et toetada laiemaid Euroopa strateegilisi eesm\u00e4rke. Cuiablue O\u00dc on spetsialiseerunud innovaatiliste vahendite kavandamisele, et toetada \u00f5ppimisliikumisi, tehes koost\u00f6\u00f6d inimr\u00fchmadega, et edendada nende \u00fchiseid keskkonnaalaseid, sotsiaalseid v\u00f5i kultuurilisi ideid, arendades samal ajal nende oskusi ja teadmisi. Eesm\u00e4rgiks on kasutada ekspertiisi ja Euroopa v\u00f5rgustikke, et luua pikaajaline positiivne sotsiaalne ja digitaalne m\u00f5ju j\u00e4rgmistes valdkondades: t\u00e4iskasvanute<\/p>\n<p>hariduse, koolihariduse, kutsehariduse ja koolituse valdkonnas, edendades samal ajal ka noorte ja t\u00f5rjutud kogukondade, n\u00e4iteks eakate, pagulaste ja sisser\u00e4ndajate m\u00f5juv\u00f5imu suurendamist ja aktiivset osalemist.<\/p>\n<p>Veebisait: <a href=\"https:\/\/www.cuiablue.ee\/\">https:\/\/www.cuiablue.ee\/<\/a><\/p>","protected":false},"excerpt":{"rendered":"<p>USV Stefan cel Mare \u00dclikool Suceava (USV) on uhke, et ta on \u00fcks Euroopa k\u00f5rgharidusasutustest, mille eesm\u00e4rk on aidata kaasa&hellip;&nbsp;<a href=\"https:\/\/metaskills.erasmus.site\/et\/partners\/\" rel=\"bookmark\">Read More &raquo;<span class=\"screen-reader-text\">Partnerid<\/span><\/a><\/p>\n","protected":false},"author":1,"featured_media":0,"parent":0,"menu_order":0,"comment_status":"closed","ping_status":"closed","template":"","meta":{"neve_meta_sidebar":"","neve_meta_container":"","neve_meta_enable_content_width":"off","neve_meta_content_width":100,"neve_meta_title_alignment":"","neve_meta_author_avatar":"","neve_post_elements_order":"","neve_meta_disable_header":"","neve_meta_disable_footer":"","neve_meta_disable_title":"","footnotes":""},"class_list":["post-83","page","type-page","status-publish","hentry"],"_links":{"self":[{"href":"https:\/\/metaskills.erasmus.site\/et\/wp-json\/wp\/v2\/pages\/83","targetHints":{"allow":["GET"]}}],"collection":[{"href":"https:\/\/metaskills.erasmus.site\/et\/wp-json\/wp\/v2\/pages"}],"about":[{"href":"https:\/\/metaskills.erasmus.site\/et\/wp-json\/wp\/v2\/types\/page"}],"author":[{"embeddable":true,"href":"https:\/\/metaskills.erasmus.site\/et\/wp-json\/wp\/v2\/users\/1"}],"replies":[{"embeddable":true,"href":"https:\/\/metaskills.erasmus.site\/et\/wp-json\/wp\/v2\/comments?post=83"}],"version-history":[{"count":12,"href":"https:\/\/metaskills.erasmus.site\/et\/wp-json\/wp\/v2\/pages\/83\/revisions"}],"predecessor-version":[{"id":142,"href":"https:\/\/metaskills.erasmus.site\/et\/wp-json\/wp\/v2\/pages\/83\/revisions\/142"}],"wp:attachment":[{"href":"https:\/\/metaskills.erasmus.site\/et\/wp-json\/wp\/v2\/media?parent=83"}],"curies":[{"name":"wp","href":"https:\/\/api.w.org\/{rel}","templated":true}]}}