{"id":74,"date":"2022-08-18T07:37:43","date_gmt":"2022-08-18T07:37:43","guid":{"rendered":"https:\/\/metaskills.erasmus.site\/?page_id=74"},"modified":"2024-03-05T06:31:17","modified_gmt":"2024-03-05T06:31:17","slug":"results","status":"publish","type":"page","link":"https:\/\/metaskills.erasmus.site\/it\/results\/","title":{"rendered":"Risultati del progetto"},"content":{"rendered":"<p><strong>Risultato 1: Metacognitive Best Practice Handbook<\/strong><\/p>\n<p>Questo manuale sulle migliori pratiche raccoglie e analizza le migliori pratiche, appunto, nell&#8217;uso di attivit\u00e0 metacognitive per supportare l&#8217;apprendimento riflessivo e autodiretto negli ambienti di apprendimento dell&#8217;istruzione degli adulti, in particolare tra gli studenti adulti poco qualificati e NEET. Questa ricerca ha creato il contesto per gli ulteriori risultati del progetto e garantire che tutti gli output sviluppati attraverso il progetto siano focalizzati su un pubblico europeo pi\u00f9 ampio, per massimizzare le possibilit\u00e0 di diffusione e sfruttamento, aumentare la trasferibilit\u00e0 e la sostenibilit\u00e0 a lungo termine degli output del progetto. L&#8217;impatto di questo risultato sar\u00e0 che i centri di istruzione per adulti in tutta Europa non solo aumenteranno la loro consapevolezza di tali tecniche, ma saranno in grado di diversificare e aumentare le proprie tecniche di supporto. L&#8217;impatto del manuale sar\u00e0 che gli educatori per adulti saranno in grado di implementare queste migliori pratiche, metodologie e tecniche evidenziate come efficaci nel manuale a beneficio del gruppo target diretto.<\/p>\n<div class=\"row\">\n<div class=\"col-sm-3\" style=\"text-align: center;\"><a href=\"https:\/\/metaskills.erasmus.site\/wp-content\/uploads\/2023\/10\/PR1_Metacognitive_BP_Handbook_FINAL_IT.pdf\" target=\"_blank\" rel=\"noopener noreferrer\"><br \/>\n<img decoding=\"async\" class=\"size-medium wp-image-117 aligncenter\" style=\"box-shadow: 5px 5px 10px;\" src=\"https:\/\/metaskills.erasmus.site\/wp-content\/uploads\/2023\/10\/PR1_Metacognitive_BP_Handbook_FINAL_EN-page-001-e1698340823965.jpg\" alt=\"\" width=\"177\" height=\"250\" \/>Metacognitive Best Practice Handbook<\/a><\/div>\n<\/div>\n<hr \/>\n<p><strong>Risultato 2: Metacognitive Competence Framework<\/strong><\/p>\n<p>Lo sviluppo di un quadro delle competenze \u00e8 un metodo efficace per valutare, mantenere e monitorare le conoscenze metacognitive, le abilit\u00e0 e gli atteggiamenti degli studenti e i progressi verso di essi. Come parte fondamentale di questo progetto, stabilire il quadro delle competenze metacognitive consente di definire chiare le conoscenze, le abilit\u00e0 e l&#8217;atteggiamento metacognitivo necessarie per adottare un metacognitivo nell&#8217;apprendimento autodiretto, per l&#8217;identificazione di specifiche competenze metacognitive, sotto forma di insiemi di argomenti autoriflessivi e per lo sviluppo e la proposta di corsi e opportunit\u00e0 di formazione sia per i discenti adulti che per gli educatori degli adulti basati sul framework. Il quadro delle competenze metacognitive definisce le componenti chiave delle competenze necessarie agli studenti adulti per integrare efficacemente la metacognizione nel loro contesto di apprendimento individuale, nonch\u00e9 per fornire e convalidare un quadro di riferimento dell&#8217;UE per lo sviluppo e la valutazione delle competenze metacognitive. Il quadro \u00e8 rivolto a discenti adulti, ma \u00e8 anche rilevante e di interesse per insegnanti e formatori ed educatori in servizio\/in servizio, nonch\u00e9 per i responsabili delle politiche educative e di apprendimento permanente, in relazione al potenziamento tecnologico e al rafforzamento delle capacit\u00e0 dell&#8217;istruzione degli adulti nel complesso.<\/p>\n<div class=\"row\">\n<div class=\"col-sm-3\" style=\"text-align: center;\"><a href=\"https:\/\/metaskills.erasmus.site\/wp-content\/uploads\/2023\/10\/PR2_Metacognitive-Competence-Framework_FINAL.pdf\" target=\"_blank\" rel=\"noopener noreferrer\"><br \/>\n<img decoding=\"async\" class=\"size-medium wp-image-117 aligncenter\" style=\"box-shadow: 5px 5px 10px;\" src=\"https:\/\/metaskills.erasmus.site\/wp-content\/uploads\/2023\/10\/PR2_Metacognitive-Competence-Framework_FINAL-page-001.jpg\" alt=\"\" width=\"177\" height=\"250\" \/>Metacognitive Competence Framework<\/a><\/div>\n<div class=\"col-sm-3\" style=\"text-align: center;\"><a href=\"https:\/\/metaskills.erasmus.site\/wp-content\/uploads\/2023\/10\/Metacognitive-Competence-Framework_SUMMARY_IT.pdf\" target=\"_blank\" rel=\"noopener noreferrer\"><br \/>\n<img decoding=\"async\" class=\"size-medium wp-image-117 aligncenter\" style=\"box-shadow: 5px 5px 10px;\" src=\"https:\/\/metaskills.erasmus.site\/wp-content\/uploads\/2023\/10\/Metacognitive-Competence-Framework_SUMMARY_EN-page-001.jpg\" alt=\"\" width=\"177\" height=\"250\" \/>Metacognitive Competence Framework &#8211; Riepilogo<\/a><\/div>\n<div class=\"col-sm-3\" style=\"text-align: center;\"><a href=\"https:\/\/metaskills.erasmus.site\/wp-content\/uploads\/2023\/10\/PR2_Map-of-Metacognitive-Proficiency-Levels_FINAL.pdf\" target=\"_blank\" rel=\"noopener noreferrer\"><br \/>\n<img loading=\"lazy\" decoding=\"async\" class=\"size-medium wp-image-117 aligncenter\" style=\"box-shadow: 5px 5px 10px;\" src=\"https:\/\/metaskills.erasmus.site\/wp-content\/uploads\/2023\/10\/PR2_Map-of-Metacognitive-Proficiency-Levels_FINAL-page-001-1.jpg\" alt=\"\" width=\"250\" height=\"177\" \/>MAP OF METACOGNITIVE PROFICIENCY LEVELS<\/a><\/div>\n<\/div>\n<hr \/>\n<p><strong>Risultato 3: Metacognitive Learner Interactive e-Course<\/strong><\/p>\n<p>Il corso online offre un corso di 30 ore volto a introdurre, spiegare e incoraggiare discenti adulti poco qualificati\/istruiti attraverso una serie di moduli interattivi coinvolgenti che coprono in dettaglio ogni competenza del quadro metacognitivo. Questo contenuto \u00e8 sviluppato in conformit\u00e0 con il Framework delle competenze metacognitive, con un focus sulle abilit\u00e0 e competenze associate a ciascun livello di competenza all&#8217;interno del framework. Scenari pratici e di vita reale sono sviluppati attorno a semplici test ed esercizi di risoluzione dei problemi, ecc. che sono applicabili ai risultati di apprendimento desiderati. Un focus del contenuto \u00e8 sulle attivit\u00e0 e sui risultati legati alle abilit\u00e0 metacognitive, alle conoscenze e alle attitudini trattate nel quadro delle competenze e nei moduli successivi. Il contenuto \u00e8 sviluppato in modo che la progressione attraverso il corso elettronico rispecchi la progressione attraverso le diverse fasi di competenza del quadro delle competenze. Ci\u00f2 illustra il valore di ulteriori abilit\u00e0 e conoscenze metacognitive in termini di conoscenza permanente e acquisizione di abilit\u00e0. L&#8217;impatto a lungo termine \u00e8 che i discenti adulti NEET sempre pi\u00f9 vulnerabili in Europa svilupperanno le competenze e le conoscenze per aumentare con successo la loro capacit\u00e0 di apprendere in modo flessibile, aprendo maggiori opportunit\u00e0 di apprendimento, progredire professionalmente e diversificare la propria carriera.<\/p>\n<p style=\"text-align: center;\"><a class=\"btn btn-primary btn-lg active\" role=\"button\" href=\"https:\/\/metaskills.erasmus.site\/courses\/metacognitive-learner-interactive-e-course\/lessons\/m1\/\" aria-pressed=\"true\">Aprire<\/a><\/p>\n<hr \/>\n<p><strong>Risultato 4: Metacognitive Supporter e-Course<\/strong><\/p>\n<p>Questo corso online di 15 ore e le risorse di supporto allo sviluppo professionale continuo rafforzeranno, riabiliteranno e focalizzeranno gli educatori e i formatori per adulti in modo che abbiano le abilit\u00e0 e le conoscenze per essere in grado di fornire attivamente supporto e guida alle attivit\u00e0 di apprendimento autodiretto e riflessivo degli studenti adulti relative al loro capacit\u00e0 metacognitive. Il Met-AE Facilitator e-course \u00e8 un corso di formazione digitale interattivo e innovativo volto a riqualificare il personale dell&#8217;istruzione degli adulti che funge da supporto metacognitivo per gli studenti che studiano digitalmente. L&#8217;e-Course supporta il personale dell&#8217;organizzazione per l&#8217;educazione degli adulti, in particolare gli educatori, per capire come applicare efficacemente la loro conoscenza intima e contestuale della materia, del discente e della loro situazione, conoscenza e abilit\u00e0, alla teoria metacognitiva della regolazione e della riflessione del discente. Questo corso elettronico funger\u00e0 da acceleratore di apprendimento in cui i &#8220;sostenitori&#8221; metacognitivi possono basarsi sulla conoscenza delle materie e sulle capacit\u00e0 di insegnamento esistenti, per consentire loro di supportare con successo gli studenti a raggiungere i loro obiettivi in \u200b\u200bcircostanze diverse, spesso difficili, nuove.<\/p>\n<p style=\"text-align: center;\"><a class=\"btn btn-primary btn-lg active\" role=\"button\" href=\"https:\/\/metaskills.erasmus.site\/courses\/metacognitive-supporter-e-course\/lessons\/m1-2\/\" aria-pressed=\"true\">Aprire<\/a><\/p>\n<hr \/>\n<p><strong>Risultato 5: Metacognition Change Management Toolkit<\/strong><\/p>\n<p>Il toolkit fornisce risorse chiave alle organizzazioni per l&#8217;educazione degli adulti e ai loro leader per supportare i loro insegnanti e studenti a compiere una transizione sostenibile verso l&#8217;integrazione della metacognizione all&#8217;interno del loro ambiente di apprendimento dell&#8217;educazione degli adulti esistente. La guida include anche le lezioni apprese dall&#8217;attuazione del progetto, per garantire che il quadro completo sia fornito ai centri di istruzione per adulti che adottano gli strumenti del progetto una volta terminato il progetto. Ci\u00f2 fornisce agli adottanti una guida dinamica e aggiornata su come implementare con successo la strategia metacognitiva Met-AE all&#8217;interno della loro organizzazione di formazione. La sua innovazione \u00e8 legata al ruolo che svolge nel facilitare l&#8217;adozione del quadro delle competenze Met-AE e dei corsi elettronici: il suo obiettivo principale \u00e8 garantire la corretta integrazione e la corretta implementazione di entrambi questi risultati nei centri di educazione degli adulti.<\/p>\n<p style=\"text-align: center;\"><a class=\"btn btn-primary btn-lg active\" role=\"button\" href=\"https:\/\/metaskills.erasmus.site\/metacognition-change-management-toolkit\/\" aria-pressed=\"true\">Aprire<\/a><\/p>\n<hr \/>\n<p><strong>Risultato 6:<\/strong> <strong>Meta Skills for Employability &#8211; Practical Guide<\/strong><\/p>\n<p style=\"text-align: center;\"><a class=\"btn btn-primary btn-lg active\" role=\"button\" href=\"https:\/\/metaskills.erasmus.site\/meta-skills-for-employability-practical-guide\/\" aria-pressed=\"true\">Aprire<\/a><\/p>\n<p><\/p>","protected":false},"excerpt":{"rendered":"<p>Risultato 1: Metacognitive Best Practice Handbook Questo manuale sulle migliori pratiche raccoglie e analizza le migliori pratiche, appunto, nell&#8217;uso di&hellip;&nbsp;<a href=\"https:\/\/metaskills.erasmus.site\/it\/results\/\" rel=\"bookmark\">Leggi tutto &raquo;<span class=\"screen-reader-text\">Risultati del progetto<\/span><\/a><\/p>\n","protected":false},"author":1,"featured_media":0,"parent":0,"menu_order":0,"comment_status":"closed","ping_status":"closed","template":"","meta":{"neve_meta_sidebar":"","neve_meta_container":"","neve_meta_enable_content_width":"off","neve_meta_content_width":100,"neve_meta_title_alignment":"","neve_meta_author_avatar":"","neve_post_elements_order":"","neve_meta_disable_header":"","neve_meta_disable_footer":"","neve_meta_disable_title":"","footnotes":""},"class_list":["post-74","page","type-page","status-publish","hentry"],"_links":{"self":[{"href":"https:\/\/metaskills.erasmus.site\/it\/wp-json\/wp\/v2\/pages\/74","targetHints":{"allow":["GET"]}}],"collection":[{"href":"https:\/\/metaskills.erasmus.site\/it\/wp-json\/wp\/v2\/pages"}],"about":[{"href":"https:\/\/metaskills.erasmus.site\/it\/wp-json\/wp\/v2\/types\/page"}],"author":[{"embeddable":true,"href":"https:\/\/metaskills.erasmus.site\/it\/wp-json\/wp\/v2\/users\/1"}],"replies":[{"embeddable":true,"href":"https:\/\/metaskills.erasmus.site\/it\/wp-json\/wp\/v2\/comments?post=74"}],"version-history":[{"count":39,"href":"https:\/\/metaskills.erasmus.site\/it\/wp-json\/wp\/v2\/pages\/74\/revisions"}],"predecessor-version":[{"id":1056,"href":"https:\/\/metaskills.erasmus.site\/it\/wp-json\/wp\/v2\/pages\/74\/revisions\/1056"}],"wp:attachment":[{"href":"https:\/\/metaskills.erasmus.site\/it\/wp-json\/wp\/v2\/media?parent=74"}],"curies":[{"name":"wp","href":"https:\/\/api.w.org\/{rel}","templated":true}]}}