{"id":83,"date":"2022-08-18T07:41:04","date_gmt":"2022-08-18T07:41:04","guid":{"rendered":"https:\/\/metaskills.erasmus.site\/?page_id=83"},"modified":"2022-12-02T18:34:48","modified_gmt":"2022-12-02T18:34:48","slug":"partners","status":"publish","type":"page","link":"https:\/\/metaskills.erasmus.site\/it\/partners\/","title":{"rendered":"Consorzio"},"content":{"rendered":"<p><\/p>\n<h2><img fetchpriority=\"high\" decoding=\"async\" class=\"wp-image-108 size-full aligncenter\" src=\"https:\/\/metaskills.erasmus.site\/wp-content\/uploads\/2022\/09\/usu.png\" alt=\"\" width=\"300\" height=\"300\" srcset=\"https:\/\/metaskills.erasmus.site\/wp-content\/uploads\/2022\/09\/usu.png 300w, https:\/\/metaskills.erasmus.site\/wp-content\/uploads\/2022\/09\/usu-150x150.png 150w\" sizes=\"(max-width: 300px) 100vw, 300px\" \/><\/h2>\n<h2 style=\"text-align: center;\"><strong>USV<\/strong><\/h2>\n<p>L&#8217;Universit\u00e0 Stefan cel Mare di Suceava (USV) \u00e8 orgogliosa di essere una delle istituzioni europee di istruzione superiore che mira a contribuire alla creazione e alla diffusione della conoscenza attraverso attivit\u00e0 di istruzione e formazione di qualit\u00e0, ricerca e innovazione, sviluppo umano e imprenditorialit\u00e0. L&#8217;USV \u00e8 tra le migliori universit\u00e0 rumene con risultati di ricerca eccezionali.<br \/>\nL&#8217;USV si trova all&#8217;intersezione di importanti culture europee, quindi il rispetto della diversit\u00e0 \u00e8 uno dei valori principali della comunit\u00e0 accademica. La missione dell&#8217;USV \u00e8 contribuire allo sviluppo educativo, sociale ed economico della comunit\u00e0, fornendo programmi educativi accessibili e riconosciuti a livello internazionale, instillando l&#8217;impegno civico e una migliore inclusione sociale, nonch\u00e9 un comportamento responsabile nei confronti dell&#8217;ambiente e della societ\u00e0.<br \/>\nL&#8217;istruzione degli adulti \u00e8 una priorit\u00e0 chiave per l&#8217;USV, di conseguenza, l&#8217;USV ha un&#8217;interazione dinamica con le comunit\u00e0 locali e regionali per soddisfare le loro esigenze fornendo un&#8217;istruzione di qualit\u00e0 e l&#8217;accesso alle opportunit\u00e0. Le iniziative educative ei progetti europei dell&#8217;USV affrontano questioni economiche, ambientali e sociali chiave che mirano a fornire supporto e creare un impatto duraturo. Il coinvolgimento dell&#8217;USV nella vita della comunit\u00e0 locale assume forme diverse nello sforzo di fornire accesso alla conoscenza, aumentare la consapevolezza, rafforzare competenze importanti, plasmare le mentalit\u00e0, migliorare il tenore di vita e creare opportunit\u00e0 rilevanti.<\/p>\n<p>&nbsp;<\/p>\n<p><strong>Sito web: <\/strong><a href=\"https:\/\/usv.ro\/\">https:\/\/usv.ro\/<\/a><\/p>\n<hr \/>\n<h2><img decoding=\"async\" class=\"wp-image-92 size-full aligncenter\" src=\"https:\/\/metaskills.erasmus.site\/wp-content\/uploads\/2022\/08\/kea.png\" alt=\"\" width=\"300\" height=\"300\" srcset=\"https:\/\/metaskills.erasmus.site\/wp-content\/uploads\/2022\/08\/kea.png 300w, https:\/\/metaskills.erasmus.site\/wp-content\/uploads\/2022\/08\/kea-150x150.png 150w\" sizes=\"(max-width: 300px) 100vw, 300px\" \/><\/h2>\n<h2 style=\"text-align: center;\"><strong>KENTRO EREUNAS KAI ANAPTYXIS IERAS MHTROPOLIS SYROU\/KEA IM SYROU (Syros, Greece)<\/strong><\/h2>\n<p>KEA IM Syrou (EL) \u00e8 un&#8217;organizzazione senza scopo di lucro, una ONG che fornisce ricerca e percorsi per testare, sviluppare e potenziare la dimensione sociale e lavorativa nelle Cicladi e nella prefettura dell&#8217;Egeo meridionale. KEA IM Syrou opera a livello locale, nazionale e internazionale, con esperienze basate su prove sia di progetti dell&#8217;UE che di programmi FSE finanziati a livello locale. Attraverso l&#8217;attuazione di successo dei progetti, KEA IM Syrou ha scambiato know-how e trasferendo esperienza e un alto grado di competenza sia per quanto riguarda lo sviluppo di metodologie che la produzione di soluzioni pratiche che soddisfano specifiche esigenze di sviluppo professionale e professionale, arricchendo al contempo le nostre attivit\u00e0 e progetti di formazione nazionale con il impiego di strumenti e metodologie partecipative innovative per la promozione dello sviluppo culturale, educativo, scientifico e sostenibile. Il nostro obiettivo \u00e8 facilitare l&#8217;interazione dei gruppi, sviluppare approcci innovativi per l&#8217;integrazione e la riabilitazione dei disoccupati e dei gruppi sociali vulnerabili, fornire consulenza e orientamento e proteggere il nostro ambiente e il nostro patrimonio culturale.<\/p>\n<p><strong>Sito web:<\/strong> <a href=\"http:\/\/www.keaimsyrou.gr\" target=\"_blank\" rel=\"noopener\">www.keaimsyrou.gr<\/a><\/p>\n<hr \/>\n<h2><img decoding=\"async\" class=\"wp-image-89 size-full aligncenter\" src=\"https:\/\/metaskills.erasmus.site\/wp-content\/uploads\/2022\/08\/danmar.png\" alt=\"\" width=\"300\" height=\"300\" srcset=\"https:\/\/metaskills.erasmus.site\/wp-content\/uploads\/2022\/08\/danmar.png 300w, https:\/\/metaskills.erasmus.site\/wp-content\/uploads\/2022\/08\/danmar-150x150.png 150w\" sizes=\"(max-width: 300px) 100vw, 300px\" \/><\/h2>\n<h2 style=\"text-align: center;\">Danmar Computers<\/h2>\n<p>Danmar Computers \u00e8 una societ\u00e0 privata che opera nel campo dell&#8217;Information Technology e fornisce formazione professionale in questo campo. Il personale dell&#8217;azienda ha una vasta esperienza nello sviluppo di moderne applicazioni Web e mobili utilizzate per scopi didattici. Hanno anche un&#8217;esperienza a lungo termine nella realizzazione di progetti europei all&#8217;interno dei quali il personale di ricerca e sviluppo dell&#8217;azienda conduce ricerche e prepara corsi di formazione su misura per le esigenze dei vari discenti. Danmar Computers ha realizzato programmi educativi dell&#8217;Unione Europea, tra gli altri: Progress, ex Leonardo da Vinci e Grundtvig, attualmente Erasmus+ e Horizon2020. In molti di questi progetti Danmar era responsabile della progettazione e del coordinamento delle strategie di disseminazione. Danmar Computers \u00e8 anche lo sviluppatore e fornitore di AdminProject, il sistema online per la gestione dei progetti europei.<br \/>\nTutte le attivit\u00e0 dell&#8217;azienda si basano su un&#8217;ampia e consolidata rete di cooperazione, sia a livello nazionale che internazionale. Le reti nazionali comprendono istituti di formazione e consulenza, universit\u00e0, scuole, organizzazioni non governative e aziende del settore privato. La rete internazionale comprende partner di vari profili provenienti da tutti i paesi dell&#8217;Unione Europea. La missione di Danmar Computer \u00e8 la promozione dell&#8217;istruzione permanente e la garanzia di parit\u00e0 di accesso all&#8217;istruzione per tutti con l&#8217;uso della tecnologia moderna.<\/p>\n<p>Sito web: <a href=\"https:\/\/www.danmar-computers.com.pl\/\">www.danmar-computers.com.pl<\/a><\/p>\n<hr \/>\n<h2><img loading=\"lazy\" decoding=\"async\" class=\"wp-image-90 size-full aligncenter\" src=\"https:\/\/metaskills.erasmus.site\/wp-content\/uploads\/2022\/08\/ed.png\" alt=\"\" width=\"300\" height=\"300\" srcset=\"https:\/\/metaskills.erasmus.site\/wp-content\/uploads\/2022\/08\/ed.png 300w, https:\/\/metaskills.erasmus.site\/wp-content\/uploads\/2022\/08\/ed-150x150.png 150w\" sizes=\"(max-width: 300px) 100vw, 300px\" \/><\/h2>\n<h2 style=\"text-align: center;\">E&amp;D Knowledge Consulting<\/h2>\n<p>E&amp;D Knowledge Consulting \u00e8 una societ\u00e0 di consulenza e formazione professionale specializzata nel supporto allo sviluppo delle competenze necessarie per favorire l&#8217;innovazione nel settore imprenditoriale, pubblico e sociale. E&amp;D fornisce a manager e imprenditori le competenze, le conoscenze e gli strumenti necessari per implementare ed eseguire con successo strategie di innovazione nelle loro organizzazioni, nonch\u00e9 per promuovere l&#8217;innovazione nel loro ambiente. E&amp;D supporta le organizzazioni nel rendere l&#8217;innovazione una parte del loro DNA &#8211; dagli audit dell&#8217;innovazione, attraverso il supporto alla definizione e attuazione di strategie di innovazione, allo sviluppo di processi e meccanismi di innovazione adattati alle esigenze individuali delle organizzazioni.<\/p>\n<p>I prodotti di E&amp;D sono definiti individualmente in base alle esigenze specifiche di ciascuna organizzazione. Alcuni degli interventi pi\u00f9 comuni riguardano:<\/p>\n<ul>\n<li>Costruire una corretta comprensione dell&#8217;innovazione tra i professionisti nei settori non e a bassa tecnologia e la loro capacit\u00e0 di implementare il processo di innovazione e trasformare i loro sforzi di innovazione in profitto,<\/li>\n<li>Sviluppo e innovazione di modelli di business,<\/li>\n<li>Supporto ai processi creativi e ideazione per l&#8217;innovazione,<\/li>\n<li>Sviluppo della mentalit\u00e0 innovativa tra gli individui e tra le organizzazioni,<\/li>\n<li>Sviluppo di meccanismi e cultura per l&#8217;innovazione,<\/li>\n<li>Sviluppo delle competenze imprenditoriali e trasversali,<\/li>\n<li>Collaborazione per l&#8217;innovazione (competenze, meccanismi e strumenti per la costruzione di relazioni e l&#8217;innovazione aperta).<\/li>\n<\/ul>\n<p>&nbsp;<\/p>\n<p><strong>Sito web: <\/strong><a href=\"http:\/\/www.ed-knowledgeconsulting.com\/\">www.ed-knowledgeconsulting.com\/<\/a><\/p>\n<hr \/>\n<h2><img loading=\"lazy\" decoding=\"async\" class=\"wp-image-87 size-full aligncenter\" src=\"https:\/\/metaskills.erasmus.site\/wp-content\/uploads\/2022\/08\/cesie.png\" alt=\"\" width=\"300\" height=\"300\" srcset=\"https:\/\/metaskills.erasmus.site\/wp-content\/uploads\/2022\/08\/cesie.png 300w, https:\/\/metaskills.erasmus.site\/wp-content\/uploads\/2022\/08\/cesie-150x150.png 150w\" sizes=\"(max-width: 300px) 100vw, 300px\" \/><\/h2>\n<h2 style=\"text-align: center;\">CESIE<\/h2>\n<p>Il CESIE \u00e8 un&#8217;organizzazione senza scopo di lucro e non governativa con sede a Palermo (Italia) fondata nel 2001 e impegnata a promuovere lo sviluppo culturale, sociale, educativo ed economico a livello locale, nazionale, europeo e internazionale. Il CESIE contribuisce alla crescita e allo sviluppo attraverso la partecipazione attiva delle persone, della societ\u00e0 civile e delle istituzioni, valorizzando sempre la diversit\u00e0. Ispirato dal lavoro e dalla vita di Danilo Dolci, il CESIE concentra le sue azioni sulla ricerca dei bisogni e delle sfide sociali e sull&#8217;uso di approcci di apprendimento innovativi. In questo modo, l&#8217;organizzazione collega attivamente la ricerca con l&#8217;azione attraverso l&#8217;uso di approcci di apprendimento formale e non formale mentre persegue la sua missione principale di promuovere l&#8217;innovazione, la partecipazione e la crescita educativa. La struttura organizzativa \u00e8 suddivisa in 6 unit\u00e0 tematiche che lavorano in sinergia e gestiscono attivit\u00e0 nei loro ambiti specifici: Istruzione degli adulti (Opportunit\u00e0 di apprendimento permanente) Istruzione scolastica (Innovazione e sostegno della diversit\u00e0 nell&#8217;istruzione scolastica) Migrazione Giovani Istruzione superiore e Ricerca Diritti e Giustizia.<\/p>\n<p><strong>Sito web:<\/strong><\/p>\n<p><a href=\"http:\/\/www.cesie.org\" target=\"_blank\" rel=\"noopener\">www.cesie.org<\/a><\/p>\n<hr \/>\n<h2><img loading=\"lazy\" decoding=\"async\" class=\"size-full wp-image-85 aligncenter\" src=\"https:\/\/metaskills.erasmus.site\/wp-content\/uploads\/2022\/08\/ades.png\" alt=\"\" width=\"300\" height=\"300\" srcset=\"https:\/\/metaskills.erasmus.site\/wp-content\/uploads\/2022\/08\/ades.png 300w, https:\/\/metaskills.erasmus.site\/wp-content\/uploads\/2022\/08\/ades-150x150.png 150w\" sizes=\"(max-width: 300px) 100vw, 300px\" \/><\/h2>\n<h2 style=\"text-align: center;\">ADES<\/h2>\n<p>(Associazione per lo sviluppo economico e sociale) di Curtea de Arges, Romania, \u00e8 un&#8217;organizzazione senza scopo di lucro che \u00e8 diventata un&#8217;entit\u00e0 legale (ONG) nel giugno 1995. La missione di ADES \u00e8 creare un cambiamento sociale ed economico positivo nelle comunit\u00e0 di tutta la Romania in modo professionale, etico e responsabile.<\/p>\n<p>Il team di ADES mira a sviluppare competenze personali e professionali, sostenere lo sviluppo e l&#8217;espansione delle PMI, migliorare le condizioni sociali ed economiche nelle comunit\u00e0 locali.<\/p>\n<p>Dal 1995, ADES ha sviluppato e implementato con successo oltre 50 progetti finanziati dall&#8217;Unione Europea, dalla Banca Mondiale, dall&#8217;Ambasciata degli Stati Uniti, dal Programma di sviluppo aziendale europeo, dalla Fondazione per una societ\u00e0 aperta, dal Charity Know How Fund, ecc. L&#8217;ADES ha lavorato a stretto contatto con le comunit\u00e0, finanziando fonti e partner esecutivi (Autorit\u00e0 Pubbliche Locali, aziende, ONG e scuole) per realizzare progetti di sviluppo socio-economico.<\/p>\n<p>Per ulteriori informazioni su ADES, visitare: <a href=\"https:\/\/www.facebook.com\/ADESCDA\/\">www.facebook.com\/ADESCDA\/<\/a> e <a href=\"https:\/\/www.linkedin.com\/company\/43363632\">https:\/\/www.linkedin.com\/company\/43363632<\/a>.<\/p>\n<hr \/>\n<h2><img loading=\"lazy\" decoding=\"async\" class=\"wp-image-88 size-full aligncenter\" src=\"https:\/\/metaskills.erasmus.site\/wp-content\/uploads\/2022\/08\/cuiblue.png\" alt=\"\" width=\"300\" height=\"300\" srcset=\"https:\/\/metaskills.erasmus.site\/wp-content\/uploads\/2022\/08\/cuiblue.png 300w, https:\/\/metaskills.erasmus.site\/wp-content\/uploads\/2022\/08\/cuiblue-150x150.png 150w\" sizes=\"(max-width: 300px) 100vw, 300px\" \/><\/h2>\n<h2 style=\"text-align: center;\">Cuiablue<\/h2>\n<p>Cuiablue O\u00dc \u00e8 un&#8217;impresa sociale che guida un cambiamento sociale e ambientale positivo attraverso soluzioni educative creative per l&#8217;apprendimento informale personalizzato e la formazione professionale. Le attivit\u00e0 principali di Cuiablue O\u00dc sono la progettazione, lo sviluppo, la gestione, l&#8217;implementazione e la diffusione e lo sfruttamento diffusi di innovazione sociale e progetti e programmi di ricerca, per supportare obiettivi strategici europei pi\u00f9 ampi. Cuiablue O\u00dc \u00e8 specializzato nella progettazione di strumenti innovativi per supportare i movimenti di apprendimento, lavorando insieme a gruppi di persone per promuovere le loro idee ambientali, sociali o culturali condivise, sviluppando contemporaneamente le loro abilit\u00e0 e conoscenze. L&#8217;obiettivo \u00e8 utilizzare le competenze e le reti europee per generare un impatto sociale e digitale positivo a lungo termine nei settori dell&#8217;adulto<\/p>\n<p>Istruzione, istruzione scolastica, istruzione professionale e formazione, promuovendo al contempo l&#8217;empowerment e la partecipazione attiva tra i giovani e le comunit\u00e0 emarginate, come gli anziani, i rifugiati e i migranti.<\/p>\n<p>Sito web: <a href=\"https:\/\/www.cuiablue.ee\/\">https:\/\/www.cuiablue.ee\/<\/a><\/p>","protected":false},"excerpt":{"rendered":"<p>USV L&#8217;Universit\u00e0 Stefan cel Mare di Suceava (USV) \u00e8 orgogliosa di essere una delle istituzioni europee di istruzione superiore che&hellip;&nbsp;<a href=\"https:\/\/metaskills.erasmus.site\/it\/partners\/\" rel=\"bookmark\">Leggi tutto &raquo;<span class=\"screen-reader-text\">Consorzio<\/span><\/a><\/p>\n","protected":false},"author":1,"featured_media":0,"parent":0,"menu_order":0,"comment_status":"closed","ping_status":"closed","template":"","meta":{"neve_meta_sidebar":"","neve_meta_container":"","neve_meta_enable_content_width":"off","neve_meta_content_width":100,"neve_meta_title_alignment":"","neve_meta_author_avatar":"","neve_post_elements_order":"","neve_meta_disable_header":"","neve_meta_disable_footer":"","neve_meta_disable_title":"","footnotes":""},"class_list":["post-83","page","type-page","status-publish","hentry"],"_links":{"self":[{"href":"https:\/\/metaskills.erasmus.site\/it\/wp-json\/wp\/v2\/pages\/83","targetHints":{"allow":["GET"]}}],"collection":[{"href":"https:\/\/metaskills.erasmus.site\/it\/wp-json\/wp\/v2\/pages"}],"about":[{"href":"https:\/\/metaskills.erasmus.site\/it\/wp-json\/wp\/v2\/types\/page"}],"author":[{"embeddable":true,"href":"https:\/\/metaskills.erasmus.site\/it\/wp-json\/wp\/v2\/users\/1"}],"replies":[{"embeddable":true,"href":"https:\/\/metaskills.erasmus.site\/it\/wp-json\/wp\/v2\/comments?post=83"}],"version-history":[{"count":12,"href":"https:\/\/metaskills.erasmus.site\/it\/wp-json\/wp\/v2\/pages\/83\/revisions"}],"predecessor-version":[{"id":142,"href":"https:\/\/metaskills.erasmus.site\/it\/wp-json\/wp\/v2\/pages\/83\/revisions\/142"}],"wp:attachment":[{"href":"https:\/\/metaskills.erasmus.site\/it\/wp-json\/wp\/v2\/media?parent=83"}],"curies":[{"name":"wp","href":"https:\/\/api.w.org\/{rel}","templated":true}]}}