{"id":83,"date":"2022-08-18T07:41:04","date_gmt":"2022-08-18T07:41:04","guid":{"rendered":"https:\/\/metaskills.erasmus.site\/?page_id=83"},"modified":"2022-12-02T18:34:48","modified_gmt":"2022-12-02T18:34:48","slug":"partners","status":"publish","type":"page","link":"https:\/\/metaskills.erasmus.site\/pl\/partners\/","title":{"rendered":"Partnerzy"},"content":{"rendered":"<p><\/p>\n<h2><img fetchpriority=\"high\" decoding=\"async\" class=\"wp-image-108 size-full aligncenter\" src=\"https:\/\/metaskills.erasmus.site\/wp-content\/uploads\/2022\/09\/usu.png\" alt=\"\" width=\"300\" height=\"300\" srcset=\"https:\/\/metaskills.erasmus.site\/wp-content\/uploads\/2022\/09\/usu.png 300w, https:\/\/metaskills.erasmus.site\/wp-content\/uploads\/2022\/09\/usu-150x150.png 150w\" sizes=\"(max-width: 300px) 100vw, 300px\" \/><\/h2>\n<h2 style=\"text-align: center;\"><strong>USV<\/strong><\/h2>\n<p>Uniwersytet Stefana Cel Mare w Suczawie (USV) jest dumny z bycia jedn\u0105 z europejskich instytucji szkolnictwa wy\u017cszego, kt\u00f3rej celem jest przyczynianie si\u0119 do tworzenia i rozpowszechniania wiedzy poprzez wysokiej jako\u015bci edukacj\u0119 i szkolenia, badania i innowacje, rozw\u00f3j cz\u0142owieka i przedsi\u0119biorczo\u015b\u0107. USV plasuje si\u0119 w\u015br\u00f3d najlepszych rumu\u0144skich uniwersytet\u00f3w z wybitnymi wynikami bada\u0144.<br \/>\nUSV znajduje si\u0119 na przeci\u0119ciu wa\u017cnych kultur europejskich, dlatego szacunek dla r\u00f3\u017cnorodno\u015bci jest jedn\u0105 z g\u0142\u00f3wnych warto\u015bci spo\u0142eczno\u015bci akademickiej. Misj\u0105 USV jest przyczynianie si\u0119 do edukacyjnego, spo\u0142ecznego i ekonomicznego rozwoju spo\u0142eczno\u015bci poprzez dostarczanie dost\u0119pnych i uznanych na ca\u0142ym \u015bwiecie program\u00f3w edukacyjnych, wpajanie obywatelskiego zaanga\u017cowania i lepszej integracji spo\u0142ecznej, jak r\u00f3wnie\u017c odpowiedzialnego zachowania wobec \u015brodowiska i spo\u0142ecze\u0144stwa.<br \/>\nEdukacja doros\u0142ych jest kluczowym priorytetem dla USV, w zwi\u0105zku z tym USV ma dynamiczn\u0105 interakcj\u0119 z lokalnymi i regionalnymi spo\u0142eczno\u015bciami, aby zaspokoi\u0107 ich potrzeby poprzez zapewnienie wysokiej jako\u015bci edukacji i dost\u0119pu do mo\u017cliwo\u015bci. Inicjatywy edukacyjne i projekty europejskie USV dotycz\u0105 kluczowych kwestii ekonomicznych, \u015brodowiskowych i spo\u0142ecznych, kt\u00f3re maj\u0105 na celu zapewnienie wsparcia i stworzenie d\u0142ugotrwa\u0142ego wp\u0142ywu. Zaanga\u017cowanie USV w \u017cycie lokalnej spo\u0142eczno\u015bci przybiera r\u00f3\u017cne formy w d\u0105\u017ceniu do zapewnienia dost\u0119pu do wiedzy, podnoszenia \u015bwiadomo\u015bci, wzmacniania wa\u017cnych umiej\u0119tno\u015bci, kszta\u0142towania mentalno\u015bci, poprawy standard\u00f3w \u017cycia i tworzenia odpowiednich mo\u017cliwo\u015bci.<\/p>\n<p><strong>Strona internetowa: <\/strong><a href=\"https:\/\/usv.ro\/\">https:\/\/usv.ro\/<\/a><\/p>\n<hr \/>\n<h2><img decoding=\"async\" class=\"wp-image-92 size-full aligncenter\" src=\"https:\/\/metaskills.erasmus.site\/wp-content\/uploads\/2022\/08\/kea.png\" alt=\"\" width=\"300\" height=\"300\" srcset=\"https:\/\/metaskills.erasmus.site\/wp-content\/uploads\/2022\/08\/kea.png 300w, https:\/\/metaskills.erasmus.site\/wp-content\/uploads\/2022\/08\/kea-150x150.png 150w\" sizes=\"(max-width: 300px) 100vw, 300px\" \/><\/h2>\n<h2 style=\"text-align: center;\"><strong>KENTRO EREUNAS KAI ANAPTYXIS IERAS MHTROPOLIS SYROU\/KEA IM SYROU (Syros, Grecja)<\/strong><\/h2>\n<p>KEA IM Syrou (EL) jest organizacj\u0105 non-profit, NGO zapewniaj\u0105c\u0105 badania i \u015bcie\u017cki do testowania, rozwijania i wzmacniania wymiaru spo\u0142ecznego i pracowniczego w prefekturze Cyklady i Po\u0142udniowego Morza Egejskiego. KEA IM Syrou dzia\u0142a na poziomie lokalnym, krajowym i mi\u0119dzynarodowym, korzystaj\u0105c z do\u015bwiadcze\u0144 opartych na dowodach, zar\u00f3wno w projektach UE, jak i programach EFS finansowanych lokalnie. Poprzez udan\u0105 realizacj\u0119 projekt\u00f3w KEA IM Syrou przekazuje wiedze i do\u015bwiadczenie oraz wysoki stopie\u0144 ekspertyzy zar\u00f3wno w zakresie rozwoju metodologii, jak i produkcji praktycznych rozwi\u0105za\u0144 odpowiadaj\u0105cych konkretnym potrzebom w zakresie rozwoju zawodowego, jednocze\u015bnie wzbogacaj\u0105c nasze krajowe dzia\u0142ania i projekty szkoleniowe o innowacyjne narz\u0119dzia i metodologie partycypacyjne w celu promowania kulturalnego, edukacyjnego, naukowego i zr\u00f3wnowa\u017conego rozwoju. Naszym celem jest u\u0142atwienie interakcji mi\u0119dzy grupami, opracowanie innowacyjnych metod integracji i rehabilitacji bezrobotnych i zagro\u017conych grup spo\u0142ecznych, zapewnienie doradztwa i poradnictwa oraz ochrona naszego \u015brodowiska i dziedzictwa kulturowego.<\/p>\n<p><strong>Strona internetowa:<\/strong> <a href=\"http:\/\/www.keaimsyrou.gr\" target=\"_blank\" rel=\"noopener\">www.keaimsyrou.gr<\/a><\/p>\n<hr \/>\n<h2><img decoding=\"async\" class=\"wp-image-89 size-full aligncenter\" src=\"https:\/\/metaskills.erasmus.site\/wp-content\/uploads\/2022\/08\/danmar.png\" alt=\"\" width=\"300\" height=\"300\" srcset=\"https:\/\/metaskills.erasmus.site\/wp-content\/uploads\/2022\/08\/danmar.png 300w, https:\/\/metaskills.erasmus.site\/wp-content\/uploads\/2022\/08\/danmar-150x150.png 150w\" sizes=\"(max-width: 300px) 100vw, 300px\" \/><\/h2>\n<h2 style=\"text-align: center;\">Danmar Computers<\/h2>\n<p>Danmar Computers jest prywatn\u0105 firm\u0105 dzia\u0142aj\u0105c\u0105 w obszarze technologii informacyjnej i prowadz\u0105c\u0105 szkolenia zawodowe w tym zakresie. Pracownicy firmy posiadaj\u0105 bogate do\u015bwiadczenie w tworzeniu nowoczesnych aplikacji internetowych i mobilnych, kt\u00f3re s\u0105 wykorzystywane do cel\u00f3w edukacyjnych. Posiadaj\u0105 r\u00f3wnie\u017c wieloletnie do\u015bwiadczenie w realizacji projekt\u00f3w europejskich, w ramach kt\u00f3rych pracownicy R&amp;D firmy prowadz\u0105 badania i przygotowuj\u0105 szkolenia dostosowane do potrzeb r\u00f3\u017cnych s\u0142uchaczy. Danmar Computers realizowa\u0142 m.in. programy edukacyjne Unii Europejskiej: Progress, dawniej Leonardo da Vinci i Grundtvig, obecnie Erasmus+ i Horizon2020. W wielu z tych projekt\u00f3w Danmar by\u0142 odpowiedzialny za projektowanie i koordynacj\u0119 strategii upowszechniania. Danmar Computers jest r\u00f3wnie\u017c tw\u00f3rc\u0105 i dostawc\u0105 AdminProject, systemu on-line do zarz\u0105dzania projektami europejskimi.<br \/>\nWszystkie dzia\u0142ania firmy opieraj\u0105 si\u0119 na szerokiej i dobrze rozwini\u0119tej sieci wsp\u00f3\u0142pracy, zar\u00f3wno na poziomie krajowym jak i mi\u0119dzynarodowym. Do sieci krajowej nale\u017c\u0105 instytucje szkoleniowe i doradcze, uczelnie, szko\u0142y, organizacje pozarz\u0105dowe, a tak\u017ce firmy z sektora prywatnego. Sie\u0107 mi\u0119dzynarodowa obejmuje partner\u00f3w o r\u00f3\u017cnym profilu, pochodz\u0105cych z ka\u017cdego kraju Unii Europejskiej. Misj\u0105 Danmar Computer jest promocja edukacji przez ca\u0142e \u017cycie oraz zapewnienie r\u00f3wnego dost\u0119pu do edukacji dla wszystkich z wykorzystaniem nowoczesnych technologii.<\/p>\n<p>Strona internetowa: <a href=\"https:\/\/www.danmar-computers.com.pl\/\">www.danmar-computers.com.pl<\/a><\/p>\n<hr \/>\n<h2><img loading=\"lazy\" decoding=\"async\" class=\"wp-image-90 size-full aligncenter\" src=\"https:\/\/metaskills.erasmus.site\/wp-content\/uploads\/2022\/08\/ed.png\" alt=\"\" width=\"300\" height=\"300\" srcset=\"https:\/\/metaskills.erasmus.site\/wp-content\/uploads\/2022\/08\/ed.png 300w, https:\/\/metaskills.erasmus.site\/wp-content\/uploads\/2022\/08\/ed-150x150.png 150w\" sizes=\"(max-width: 300px) 100vw, 300px\" \/><\/h2>\n<h2 style=\"text-align: center;\">E&amp;D Knowledge Consulting<\/h2>\n<p>E&amp;D Knowledge Consulting jest firm\u0105 doradcz\u0105 i szkoleniow\u0105 specjalizuj\u0105c\u0105 si\u0119 we wspieraniu rozwoju kompetencji niezb\u0119dnych do wspierania innowacji w biznesie, sektorze publicznym i spo\u0142ecznym. E&amp;D zapewnia mened\u017cerom i przedsi\u0119biorcom kompetencje, wiedz\u0119 i narz\u0119dzia potrzebne do skutecznego wdra\u017cania i realizacji strategii innowacyjnych w ich organizacjach, a tak\u017ce do wspierania innowacji w ich otoczeniu. E&amp;D wspiera organizacje w uczynieniu innowacji cz\u0119\u015bci\u0105 ich DNA &#8211; od audyt\u00f3w innowacyjno\u015bci, poprzez wsparcie w definiowaniu i wdra\u017caniu strategii innowacyjnych, a\u017c po opracowanie proces\u00f3w i mechanizm\u00f3w innowacyjnych dostosowanych do indywidualnych potrzeb organizacji.<\/p>\n<p>Produkty E&amp;D s\u0105 indywidualnie definiowane w oparciu o specyficzne potrzeby ka\u017cdej organizacji. Niekt\u00f3re z najcz\u0119stszych interwencji obejmuj\u0105:<\/p>\n<ul>\n<li>Budowanie w\u0142a\u015bciwego rozumienia innowacji w\u015br\u00f3d specjalist\u00f3w z sektor\u00f3w nie- i niskotechnologicznych oraz ich zdolno\u015bci do wdra\u017cania procesu innowacyjnego i przekszta\u0142cania wysi\u0142k\u00f3w innowacyjnych w zysk,<\/li>\n<li>Rozw\u00f3j i innowacyjno\u015b\u0107 modeli biznesowych,<\/li>\n<li>Wsparcie proces\u00f3w tw\u00f3rczych i ideacji dla innowacji,<\/li>\n<li>Rozw\u00f3j postawy innowacyjnej w\u015br\u00f3d jednostek i w ca\u0142ych organizacjach,<\/li>\n<li>Rozw\u00f3j mechanizm\u00f3w i kultury dla innowacji,<\/li>\n<li>Rozw\u00f3j umiej\u0119tno\u015bci przedsi\u0119biorczych i mi\u0119kkich,<\/li>\n<li>Wsp\u00f3\u0142praca na rzecz innowacji (umiej\u0119tno\u015bci, mechanizmy i narz\u0119dzia budowania relacji i otwartych innowacji).<\/li>\n<\/ul>\n<p><strong>Strona internetowa: <\/strong><a href=\"http:\/\/www.ed-knowledgeconsulting.com\/\">www.ed-knowledgeconsulting.com\/<\/a><\/p>\n<hr \/>\n<h2><img loading=\"lazy\" decoding=\"async\" class=\"wp-image-87 size-full aligncenter\" src=\"https:\/\/metaskills.erasmus.site\/wp-content\/uploads\/2022\/08\/cesie.png\" alt=\"\" width=\"300\" height=\"300\" srcset=\"https:\/\/metaskills.erasmus.site\/wp-content\/uploads\/2022\/08\/cesie.png 300w, https:\/\/metaskills.erasmus.site\/wp-content\/uploads\/2022\/08\/cesie-150x150.png 150w\" sizes=\"(max-width: 300px) 100vw, 300px\" \/><\/h2>\n<h2 style=\"text-align: center;\">CESIE<\/h2>\n<p>CESIE jest organizacj\u0105 non-profit i pozarz\u0105dow\u0105 z siedzib\u0105 w Palermo (W\u0142ochy), za\u0142o\u017con\u0105 w 2001 roku i zaanga\u017cowan\u0105 w promowanie rozwoju kulturalnego, spo\u0142ecznego, edukacyjnego i gospodarczego na poziomie lokalnym, krajowym, europejskim i mi\u0119dzynarodowym. CESIE przyczynia si\u0119 do wzrostu i rozwoju poprzez aktywny udzia\u0142 ludzi, spo\u0142ecze\u0144stwa obywatelskiego i instytucji, zawsze ceni\u0105c r\u00f3\u017cnorodno\u015b\u0107. Zainspirowana prac\u0105 i \u017cyciem Danilo Dolci, CESIE koncentruje swoje dzia\u0142ania na badaniu potrzeb i wyzwa\u0144 spo\u0142ecznych oraz stosowaniu innowacyjnych metod nauczania. W ten spos\u00f3b organizacja aktywnie \u0142\u0105czy badania z dzia\u0142aniem poprzez wykorzystanie formalnych i nieformalnych podej\u015b\u0107 do uczenia si\u0119, jednocze\u015bnie realizuj\u0105c swoj\u0105 g\u0142\u00f3wn\u0105 misj\u0119 promowania innowacji edukacyjnych, uczestnictwa i wzrostu. Struktura organizacyjna podzielona jest na 6 jednostek tematycznych pracuj\u0105cych w synergii i zarz\u0105dzaj\u0105cych dzia\u0142aniami w swoich specyficznych dziedzinach: Edukacja doros\u0142ych (Mo\u017cliwo\u015bci uczenia si\u0119 przez ca\u0142e \u017cycie) Edukacja szkolna (Innowacje i wspieranie r\u00f3\u017cnorodno\u015bci w edukacji szkolnej) Migracja M\u0142odzie\u017c Szkolnictwo wy\u017csze i badania Prawa i sprawiedliwo\u015b\u0107.<\/p>\n<p><strong>Strona internetowa:<\/strong><\/p>\n<p><a href=\"http:\/\/www.cesie.org\" target=\"_blank\" rel=\"noopener\">www.cesie.org<\/a><\/p>\n<hr \/>\n<h2><img loading=\"lazy\" decoding=\"async\" class=\"size-full wp-image-85 aligncenter\" src=\"https:\/\/metaskills.erasmus.site\/wp-content\/uploads\/2022\/08\/ades.png\" alt=\"\" width=\"300\" height=\"300\" srcset=\"https:\/\/metaskills.erasmus.site\/wp-content\/uploads\/2022\/08\/ades.png 300w, https:\/\/metaskills.erasmus.site\/wp-content\/uploads\/2022\/08\/ades-150x150.png 150w\" sizes=\"(max-width: 300px) 100vw, 300px\" \/><\/h2>\n<h2 style=\"text-align: center;\">ADES<\/h2>\n<p>(Association for Economic and Social Development) z Curtea de Arges, Rumunia, jest organizacj\u0105 non-profit, kt\u00f3ra uzyska\u0142a osobowo\u015b\u0107 prawn\u0105 (NGO) w czerwcu 1995 roku. Misj\u0105 ADES jest tworzenie pozytywnych zmian spo\u0142ecznych i ekonomicznych w spo\u0142eczno\u015bciach w ca\u0142ej Rumunii w spos\u00f3b profesjonalny, etyczny i odpowiedzialny.<\/p>\n<p>Celem zespo\u0142u ADES jest rozw\u00f3j umiej\u0119tno\u015bci osobistych i zawodowych, wspieranie rozwoju i ekspansji M\u015aP, poprawa warunk\u00f3w spo\u0142ecznych i ekonomicznych w spo\u0142eczno\u015bciach lokalnych.<\/p>\n<p>Od 1995 roku ADES z powodzeniem opracowa\u0142 i wdro\u017cy\u0142 ponad 50 projekt\u00f3w finansowanych przez Uni\u0119 Europejsk\u0105, Bank \u015awiatowy, Ambasad\u0119 USA, Europejski Program Rozwoju Biznesu, Fundacj\u0119 na rzecz Otwartego Spo\u0142ecze\u0144stwa, Charity Know How Fund itp. ADES \u015bci\u015ble wsp\u00f3\u0142pracuje ze spo\u0142eczno\u015bciami, \u017ar\u00f3d\u0142ami finansowania i partnerami wykonawczymi (lokalnymi w\u0142adzami publicznymi, firmami, organizacjami pozarz\u0105dowymi i szko\u0142ami) w celu realizacji projekt\u00f3w rozwoju spo\u0142eczno-gospodarczego.<\/p>\n<p>&nbsp;<\/p>\n<p>Wi\u0119cej informacji o ADES mo\u017cna znale\u017a\u0107 na stronach: <a href=\"https:\/\/www.facebook.com\/ADESCDA\/\">www.facebook.com\/ADESCDA\/<\/a> and <a href=\"https:\/\/www.linkedin.com\/company\/43363632\">https:\/\/www.linkedin.com\/company\/43363632<\/a>.<\/p>\n<hr \/>\n<h2><img loading=\"lazy\" decoding=\"async\" class=\"wp-image-88 size-full aligncenter\" src=\"https:\/\/metaskills.erasmus.site\/wp-content\/uploads\/2022\/08\/cuiblue.png\" alt=\"\" width=\"300\" height=\"300\" srcset=\"https:\/\/metaskills.erasmus.site\/wp-content\/uploads\/2022\/08\/cuiblue.png 300w, https:\/\/metaskills.erasmus.site\/wp-content\/uploads\/2022\/08\/cuiblue-150x150.png 150w\" sizes=\"(max-width: 300px) 100vw, 300px\" \/><\/h2>\n<h2 style=\"text-align: center;\">Cuiablue<\/h2>\n<p>Cuiablue O\u00dc to przedsi\u0119biorstwo spo\u0142eczne, kt\u00f3re nap\u0119dza pozytywne zmiany spo\u0142eczne i \u015brodowiskowe poprzez kreatywne rozwi\u0105zania edukacyjne w zakresie dostosowanego do potrzeb nieformalnego uczenia si\u0119 i szkolenia zawodowego. Podstawow\u0105 dzia\u0142alno\u015bci\u0105 Cuiablue O\u00dc jest projektowanie, rozw\u00f3j, zarz\u0105dzanie, wdra\u017canie oraz szerokie rozpowszechnianie i wykorzystywanie innowacji spo\u0142ecznych oraz projekt\u00f3w i program\u00f3w badawczych, w celu wspierania szerszych europejskich cel\u00f3w strategicznych. Cuiablue O\u00dc specjalizuje si\u0119 w projektowaniu innowacyjnych narz\u0119dzi wspieraj\u0105cych ruchy edukacyjne poprzez wsp\u00f3\u0142prac\u0119 z grupami ludzi w celu rozwoju ich wsp\u00f3lnych idei \u015brodowiskowych, spo\u0142ecznych lub kulturowych przy jednoczesnym rozwijaniu ich umiej\u0119tno\u015bci i wiedzy. Celem jest wykorzystanie wiedzy specjalistycznej i sieci europejskich do generowania d\u0142ugoterminowego, pozytywnego wp\u0142ywu spo\u0142ecznego i cyfrowego w dziedzinie<\/p>\n<p>edukacji, edukacji szkolnej, edukacji zawodowej i szkole\u0144, przy jednoczesnym wspieraniu upodmiotowienia i aktywnego uczestnictwa w\u015br\u00f3d m\u0142odzie\u017cy i spo\u0142eczno\u015bci marginalizowanych, takich jak osoby starsze, uchod\u017acy i migranci.<\/p>\n<p>Strona internetowa: <a href=\"https:\/\/www.cuiablue.ee\/\">https:\/\/www.cuiablue.ee\/<\/a><\/p>","protected":false},"excerpt":{"rendered":"<p>USV Uniwersytet Stefana Cel Mare w Suczawie (USV) jest dumny z bycia jedn\u0105 z europejskich instytucji szkolnictwa wy\u017cszego, kt\u00f3rej celem&hellip;&nbsp;<a href=\"https:\/\/metaskills.erasmus.site\/pl\/partners\/\" rel=\"bookmark\">Dowiedz si\u0119 wi\u0119cej &raquo;<span class=\"screen-reader-text\">Partnerzy<\/span><\/a><\/p>\n","protected":false},"author":1,"featured_media":0,"parent":0,"menu_order":0,"comment_status":"closed","ping_status":"closed","template":"","meta":{"neve_meta_sidebar":"","neve_meta_container":"","neve_meta_enable_content_width":"off","neve_meta_content_width":100,"neve_meta_title_alignment":"","neve_meta_author_avatar":"","neve_post_elements_order":"","neve_meta_disable_header":"","neve_meta_disable_footer":"","neve_meta_disable_title":"","footnotes":""},"class_list":["post-83","page","type-page","status-publish","hentry"],"_links":{"self":[{"href":"https:\/\/metaskills.erasmus.site\/pl\/wp-json\/wp\/v2\/pages\/83","targetHints":{"allow":["GET"]}}],"collection":[{"href":"https:\/\/metaskills.erasmus.site\/pl\/wp-json\/wp\/v2\/pages"}],"about":[{"href":"https:\/\/metaskills.erasmus.site\/pl\/wp-json\/wp\/v2\/types\/page"}],"author":[{"embeddable":true,"href":"https:\/\/metaskills.erasmus.site\/pl\/wp-json\/wp\/v2\/users\/1"}],"replies":[{"embeddable":true,"href":"https:\/\/metaskills.erasmus.site\/pl\/wp-json\/wp\/v2\/comments?post=83"}],"version-history":[{"count":12,"href":"https:\/\/metaskills.erasmus.site\/pl\/wp-json\/wp\/v2\/pages\/83\/revisions"}],"predecessor-version":[{"id":142,"href":"https:\/\/metaskills.erasmus.site\/pl\/wp-json\/wp\/v2\/pages\/83\/revisions\/142"}],"wp:attachment":[{"href":"https:\/\/metaskills.erasmus.site\/pl\/wp-json\/wp\/v2\/media?parent=83"}],"curies":[{"name":"wp","href":"https:\/\/api.w.org\/{rel}","templated":true}]}}