{"id":83,"date":"2022-08-18T07:41:04","date_gmt":"2022-08-18T07:41:04","guid":{"rendered":"https:\/\/metaskills.erasmus.site\/?page_id=83"},"modified":"2022-12-02T18:34:48","modified_gmt":"2022-12-02T18:34:48","slug":"partners","status":"publish","type":"page","link":"https:\/\/metaskills.erasmus.site\/pt\/partners\/","title":{"rendered":"Parceiros"},"content":{"rendered":"<p><\/p>\n<h2><img fetchpriority=\"high\" decoding=\"async\" class=\"wp-image-108 size-full aligncenter\" src=\"https:\/\/metaskills.erasmus.site\/wp-content\/uploads\/2022\/09\/usu.png\" alt=\"\" width=\"300\" height=\"300\" srcset=\"https:\/\/metaskills.erasmus.site\/wp-content\/uploads\/2022\/09\/usu.png 300w, https:\/\/metaskills.erasmus.site\/wp-content\/uploads\/2022\/09\/usu-150x150.png 150w\" sizes=\"(max-width: 300px) 100vw, 300px\" \/><\/h2>\n<h2 style=\"text-align: center;\"><strong>USV<\/strong><\/h2>\n<p>A Universidade Stefan cel Mare of Suceava (USV) orgulha-se de ser uma das institui\u00e7\u00f5es Europeias de Ensino superior com o intuito de contribuir para a cria\u00e7\u00e3o e dissemina\u00e7\u00e3o de conhecimento atrav\u00e9s de atividades de educa\u00e7\u00e3o e forma\u00e7\u00e3o de elevada qualidade, investiga\u00e7\u00e3o e inova\u00e7\u00e3o, desenvolvimento humano e empreendedorismo. USV ocupa um lugar de topo entre as universidades Romenas com destac\u00e1veis resultados de investiga\u00e7\u00e3o.<br \/>\nA USV situa-se na intersec\u00e7\u00e3o de importantes culturas Europeias, logo, o respeito pela diversidade \u00e9 um dos principais valores da comunidade acad\u00e9mica. A miss\u00e3o da USV \u00e9 contribuir para o desenvolvimento educativo, social e encon\u00f3mico da comunidade, fornecendo programas educativos acess\u00edveis e reconhecidos internacionalmente, incutindo compromisso c\u00edvico e uma melhor inclus\u00e3o social, assim como comportamentos respons\u00e1veis para o ambiente e a sociedade.<br \/>\nA educa\u00e7\u00e3o para adultos \u00e9 uma prioridade chave para a USV, consequentemente, a USV tem uma intera\u00e7\u00e3o din\u00e2mica com comunidades locais e regionais de forma a compreender as suas necessidades, proporcionando uma educa\u00e7\u00e3o de qualidade e acesso \u00e0s oportunidades. As iniciativas educativas e os projetos Europeus da USV abordam quest\u00f5es econ\u00f3micas, ambientais e sociais essenciais que se destinam a fornecer apoio e criar um impacto a longo prazo. O envolvimento da USV na comunidade local toma diferentes formas nos esfor\u00e7os para proporcionar acesso ao conhecimento, aumentar consciencializa\u00e7\u00e3o, refor\u00e7ar importantes compet\u00eancias, formar mentalidades, melhorar os padr\u00f5es de vida e criar oportunidades relevantes.<\/p>\n<p><strong>Website: <\/strong><a href=\"https:\/\/usv.ro\/\">https:\/\/usv.ro\/<\/a><\/p>\n<hr \/>\n<h2><img decoding=\"async\" class=\"wp-image-92 size-full aligncenter\" src=\"https:\/\/metaskills.erasmus.site\/wp-content\/uploads\/2022\/08\/kea.png\" alt=\"\" width=\"300\" height=\"300\" srcset=\"https:\/\/metaskills.erasmus.site\/wp-content\/uploads\/2022\/08\/kea.png 300w, https:\/\/metaskills.erasmus.site\/wp-content\/uploads\/2022\/08\/kea-150x150.png 150w\" sizes=\"(max-width: 300px) 100vw, 300px\" \/><\/h2>\n<h2 style=\"text-align: center;\"><strong>KENTRO EREUNAS KAI ANAPTYXIS IERAS MHTROPOLIS SYROU\/KEA IM SYROU (Syros, Greece)<\/strong><\/h2>\n<p>A KEA IM Syrou (EL) \u00e9 uma organiza\u00e7\u00e3o sem fins lucrativos, ONG que providencia investiga\u00e7\u00e3o e trajetos para testar, desenvolver e capacitar as dimens\u00f5es social e do trabalho na povincia das C\u00edclades e Egeu do Sul. KEA IM Syrou opera aos n\u00edveis local, nacional e internacional, com experi\u00eancia baseada em evid\u00eancias tanto em projetos UE e programas ESF financiados localmente. Atrav\u00e9s da implementa\u00e7\u00e3o com sucesso destes programas, a KEA IM Syrou tem vindo a trocar conhecimento saber-fazer e a transferir experi\u00eancia e um elevado n\u00edvel de per\u00edcia, tanto no desenvolvimento de metodologias como na produ\u00e7\u00e3o de solu\u00e7\u00f5es pr\u00e1ticas de acordo com as necessidades espec\u00edficas do desenvolvimento vocacional e profissional, ao mesmo tempo enriquecendo as nossas atividades de forma\u00e7\u00e3o nacionais e projetos com o emprego de ferramentas e metodologias inovadoras e participativas em dire\u00e7\u00e3o \u00e0 promo\u00e7\u00e3o de um desenvolvimento cultural, educacional, cient\u00edfico e sustent\u00e1vel. O nosso objetivo \u00e9 facilitar a intera\u00e7\u00e3o de grupos, desenvolver abordagens inovadoras para a integra\u00e7\u00e3o e reabilita\u00e7\u00e3o de grupos sociais desempregados e vulner\u00e1veis, fornecer aconselhamento e orienta\u00e7\u00e3o e proteger a nossa heran\u00e7a ambiental e cultural.<\/p>\n<p><strong>Website:<\/strong> <a href=\"http:\/\/www.keaimsyrou.gr\" target=\"_blank\" rel=\"noopener\">www.keaimsyrou.gr<\/a><\/p>\n<hr \/>\n<h2><img decoding=\"async\" class=\"wp-image-89 size-full aligncenter\" src=\"https:\/\/metaskills.erasmus.site\/wp-content\/uploads\/2022\/08\/danmar.png\" alt=\"\" width=\"300\" height=\"300\" srcset=\"https:\/\/metaskills.erasmus.site\/wp-content\/uploads\/2022\/08\/danmar.png 300w, https:\/\/metaskills.erasmus.site\/wp-content\/uploads\/2022\/08\/danmar-150x150.png 150w\" sizes=\"(max-width: 300px) 100vw, 300px\" \/><\/h2>\n<h2 style=\"text-align: center;\">Danmar Computers<\/h2>\n<p>A Danmar Computers \u00e9 uma empresa privada que opera na \u00e1rea das Tecnologias de Informa\u00e7\u00e3o e fornece forma\u00e7\u00e3o vocacional neste campo. Os colaboradores da empresa t\u00eam uma extensiva experi\u00eancia em desenvolver aplica\u00e7\u00f5es Web e m\u00f3veis usadas para prop\u00f3sitos educativos. Tamb\u00e9m t\u00eam experi\u00eancia de longo termo em levar a cabo projetos Europeus no \u00e2mbito dos quais os colaboradores de I&amp;D da empresa conduzem investiga\u00e7\u00e3o e preparam forma\u00e7\u00e3o personalizada \u00e0s necessidades de v\u00e1rios alunos. A Danmar Computers tem levado a cabo programas educativos da Uni\u00e3o Europeia, entre outros: Progress, o antigo Leonardo da Vinci e Grundtvig, atualmente Erasmus+ e Horizon2020. Em muitos destes projetos, a Danmar foi respons\u00e1vel por desenhar e coordenar estrat\u00e9gias de dissemina\u00e7\u00e3o. A Danmar Computers \u00e9 tamb\u00e9m o programador e fornecer do AdminProject, o sistema on-line de gest\u00e3o de projetos Europeus.<br \/>\nTodas as atividades da empresa s\u00e3o baseadas numa alargada e bem estabelecida rede de coopera\u00e7\u00e3o, tanto a um n\u00edvel nacional como internacional. A rede nacional inclui institui\u00e7\u00f5es de forma\u00e7\u00e3o e aconselhamento, universidades, escolas, associa\u00e7\u00f5es n\u00e3o governamentais, assim como empresas do setor privado. A rede internacional inclui parceiros de v\u00e1rios perdis oriundos de todos os pa\u00edses da Uni\u00e3o Europeia. A miss\u00e3o da Danmar Computers \u00e9 a promo\u00e7\u00e3o de uma educa\u00e7\u00e3o ao longo da vida da garantia de um igual acesso \u00e0 educa\u00e7\u00e3o para todos com o uso de tecnologia moderna.<\/p>\n<p>Website:\u00a0<a href=\"https:\/\/www.danmar-computers.com.pl\/\">www.danmar-computers.com.pl<\/a><\/p>\n<hr \/>\n<h2><img loading=\"lazy\" decoding=\"async\" class=\"wp-image-90 size-full aligncenter\" src=\"https:\/\/metaskills.erasmus.site\/wp-content\/uploads\/2022\/08\/ed.png\" alt=\"\" width=\"300\" height=\"300\" srcset=\"https:\/\/metaskills.erasmus.site\/wp-content\/uploads\/2022\/08\/ed.png 300w, https:\/\/metaskills.erasmus.site\/wp-content\/uploads\/2022\/08\/ed-150x150.png 150w\" sizes=\"(max-width: 300px) 100vw, 300px\" \/><\/h2>\n<h2 style=\"text-align: center;\">E&amp;D Knowledge Consulting<\/h2>\n<p>A E&amp;D Knowledge Consulting \u00e9 uma empresa de consultoria e forma\u00e7\u00e3o profissional especializada no suporte ao desenvolvimento de compet\u00eancias necess\u00e1rias para fomentar inova\u00e7\u00e3o em neg\u00f3cios e nos setores p\u00fablico e social. A E&amp;D fornece, a gestores e empreendedores, as compet\u00eancias, conhecimento e ferramentas necess\u00e1rias para implementar e executar com sucesso estrat\u00e9gias de inova\u00e7\u00e3o nas suas organiza\u00e7\u00f5es, assim como para fomentar a inova\u00e7\u00e3o nos seus ambientes. A E&amp;D apoia as organiza\u00e7\u00f5es em tornar a inova\u00e7\u00e3o parte do seu ADN \u2013 desde auditorias de inova\u00e7\u00e3o at\u00e9 ao apoio em definir e implementar estrat\u00e9gias de inova\u00e7\u00e3o e desenvolver processos e mecanismos de inova\u00e7\u00e3o adaptados \u00e0s necessidades individuais das organiza\u00e7\u00f5es.<\/p>\n<p>Os produtos da E&amp;D s\u00e3o individualmente definidos com base em necessidades espec\u00edficas de cada organiza\u00e7\u00e3o. Algumas das interven\u00e7\u00f5es mais comuns cobrem:<\/p>\n<ul>\n<li>Construir uma compreens\u00e3o apropriada da inova\u00e7\u00e3o entre profissionais em setores n\u00e3o tecnol\u00f3gicos e de baixa tecnologia e as suas compet\u00eancias em implementar processos de inova\u00e7\u00e3o e tranformar os seus esfor\u00e7os de inova\u00e7\u00e3o em lucro,<\/li>\n<li>Desenvolvimento e inova\u00e7\u00e3o de modelos de neg\u00f3cio,<\/li>\n<li>Apoio a processos creativos e a idea\u00e7\u00e3o para a inova\u00e7\u00e3o,<\/li>\n<li>Desenvolvimento de uma atitude de inova\u00e7\u00e3o entre indiv\u00edduos e entre organiza\u00e7\u00f5es,<\/li>\n<li>Desenvolvimento de mecanismos e cultura para a inova\u00e7\u00e3o,<\/li>\n<li>Desenvolvimento de compet\u00eancias empreendedoras e &#8220;soft skills&#8221;,<\/li>\n<li>Colabora\u00e7\u00e3o para a inova\u00e7\u00e3o (compet\u00eancias, mecanismos e ferramentas para construir rela\u00e7\u00f5es e inova\u00e7\u00e3o aberta).<\/li>\n<\/ul>\n<p><strong>Website: <\/strong><a href=\"http:\/\/www.ed-knowledgeconsulting.com\/\">www.ed-knowledgeconsulting.com\/<\/a><\/p>\n<hr \/>\n<h2><img loading=\"lazy\" decoding=\"async\" class=\"wp-image-87 size-full aligncenter\" src=\"https:\/\/metaskills.erasmus.site\/wp-content\/uploads\/2022\/08\/cesie.png\" alt=\"\" width=\"300\" height=\"300\" srcset=\"https:\/\/metaskills.erasmus.site\/wp-content\/uploads\/2022\/08\/cesie.png 300w, https:\/\/metaskills.erasmus.site\/wp-content\/uploads\/2022\/08\/cesie-150x150.png 150w\" sizes=\"(max-width: 300px) 100vw, 300px\" \/><\/h2>\n<h2 style=\"text-align: center;\">CESIE<\/h2>\n<p>A CESIE \u00e9 uma organiza\u00e7\u00e3o n\u00e3o-governamental sem fins lucrativos baseada em Palermo (It\u00e1lia), estabelecida em 2001 e comprometida em promover o desenvolvimento cultural, social, educacional e econ\u00f3mico aos n\u00edveis local, nacional, Europeu e internacional. A CESIE contribui para o crescimento e desenvolvimento atrav\u00e9s da participa\u00e7\u00e3o ativa das pessoas, da sociedade civil e institui\u00e7\u00f5es, valorizando sempre a diversidade. Inspirada pelo trabalho e vida de Danilo Dolci, a CESIE foca as suas a\u00e7\u00f5es na investiga\u00e7\u00e3o das necessidades sociais e desafios e no uso de abordagens inovadoras de aprendizagem. Desta forma, a organiza\u00e7\u00e3o conecta ativamente investiga\u00e7\u00e3o com a\u00e7\u00e3o atrav\u00e9s do uso de abordagens de aprendizagem formais e n\u00e3o formais, enquanto prosseguindo a sua miss\u00e3o de promover inova\u00e7\u00e3o, partcipa\u00e7\u00e3o e crescimento organizacional. A estrutura organizacional est\u00e1 dividida em 6 unidades tem\u00e1ticas que trabalham em sinergia e gerindo atividades nos seus campos espec\u00edficos: Educa\u00e7\u00e3o de adultos (Oportunidades de aprendizagem ao longo da vida) Educa\u00e7\u00e3o escolar (Inova\u00e7\u00e3o e apoio \u00e0 diversidade na educa\u00e7\u00e3o escolar) Migra\u00e7\u00e3o Juventude Ensino Superior e Investiga\u00e7\u00e3o de Direitos e Justi\u00e7a.<\/p>\n<p><strong>Website:<\/strong><\/p>\n<p><a href=\"http:\/\/www.cesie.org\" target=\"_blank\" rel=\"noopener\">www.cesie.org<\/a><\/p>\n<hr \/>\n<h2><img loading=\"lazy\" decoding=\"async\" class=\"size-full wp-image-85 aligncenter\" src=\"https:\/\/metaskills.erasmus.site\/wp-content\/uploads\/2022\/08\/ades.png\" alt=\"\" width=\"300\" height=\"300\" srcset=\"https:\/\/metaskills.erasmus.site\/wp-content\/uploads\/2022\/08\/ades.png 300w, https:\/\/metaskills.erasmus.site\/wp-content\/uploads\/2022\/08\/ades-150x150.png 150w\" sizes=\"(max-width: 300px) 100vw, 300px\" \/><\/h2>\n<h2 style=\"text-align: center;\">ADES<\/h2>\n<p>A ADES (Associa\u00e7\u00e3o para o Desenvolvimento Econ\u00f3mico e Social) da Curtea de Arges, Rom\u00e9nia, \u00e9 uma organiza\u00e7\u00e3o sem fins lucrativos constitu\u00edda como entidade legal (ONG) em junho de 1995. A miss\u00e3o da ADES \u00e9 a cria\u00e7\u00e3o de uma mudan\u00e7a social e econ\u00f3mica positiva nas comunidades por toda a Rom\u00e9nia de forma profissional, \u00e9tica e respons\u00e1vel.<\/p>\n<p>A equipa da ADES tem como objetivo desenvolver compet\u00eancias pessoais e profissionais, apoiar o desenvolvimento e expans\u00e3o de PMEs, melhorar condi\u00e7\u00f5es sociais e econ\u00f3micas em comunidades locais.<\/p>\n<p>Desde 1995, a ADES tem desenvolvido e implementado com sucesso mais de 50 projetos financiados pela Uni\u00e3o Europeia, Banco Mundial, Embaixada dos Estados Unidos, European Business Development Program, Foundation for an Open Society, Charity Know How Fund etc. A ADES tem trabalho em grande proximidade com comunidades, fontes de financiamento e parceiros de implementa\u00e7\u00e3o (Autoridades p\u00fablicas locais, empresas, ONGs e escolas) para a execu\u00e7\u00e3o de projetos de desenvolvimento socioecon\u00f3mico.<\/p>\n<p>Para mais informa\u00e7\u00e3o acerca da ADES, visite: <a href=\"https:\/\/www.facebook.com\/ADESCDA\/\">www.facebook.com\/ADESCDA\/<\/a> and <a href=\"https:\/\/www.linkedin.com\/company\/43363632\">https:\/\/www.linkedin.com\/company\/43363632<\/a>.<\/p>\n<hr \/>\n<h2><img loading=\"lazy\" decoding=\"async\" class=\"wp-image-88 size-full aligncenter\" src=\"https:\/\/metaskills.erasmus.site\/wp-content\/uploads\/2022\/08\/cuiblue.png\" alt=\"\" width=\"300\" height=\"300\" srcset=\"https:\/\/metaskills.erasmus.site\/wp-content\/uploads\/2022\/08\/cuiblue.png 300w, https:\/\/metaskills.erasmus.site\/wp-content\/uploads\/2022\/08\/cuiblue-150x150.png 150w\" sizes=\"(max-width: 300px) 100vw, 300px\" \/><\/h2>\n<h2 style=\"text-align: center;\">Cuiablue<\/h2>\n<p>A Cuiablue O\u00dc \u00e9 uma empresa social que impulsiona mudan\u00e7a positiva social e ambiental atrav\u00e9s de solu\u00e7\u00f5es educacionais creativas para aprendizagem informal e forma\u00e7\u00e3o vocacional feitas \u00e0 medida. As atividades centrais da Cuiablue O\u00dc s\u00e3o o desenho, desenvolvimento, gest\u00e3o, implementa\u00e7\u00e3o e alargada dissemina\u00e7\u00e3o e explora\u00e7\u00e3o de projetos e programas de inova\u00e7\u00e3o social e investiga\u00e7\u00e3o, para apoiar alargados objetivos Europeus estrat\u00e9gicos. Cuiablue O\u00dc especializa-se em desenhar ferramentas inovadoras para apoiar movimentos de aprendizagem, trabalhando em conjunto com grupos de pessoas para fazer avan\u00e7ar as suas ideias ambientais, sociais ou culturais partilhadas, enquanto simultaneamente desenvolvem as suas compet\u00eancias e conhecimento. O objetivo \u00e9 usar a per\u00edcia e redes Europeias de forma a gerar impacto social e positivo e digital a longo termo nos campos da educa\u00e7\u00e3o para<\/p>\n<p>adultos, educa\u00e7\u00e3o escolar, educa\u00e7\u00e3o vocacional e forma\u00e7\u00e3o, fomentando tamb\u00e9m a capacita\u00e7\u00e3o e participa\u00e7\u00e3o ativa entre juventudes e comunidades marginalizadas, como os idosos, refugiados e migrantes.<\/p>\n<p>Website: <a href=\"https:\/\/www.cuiablue.ee\/\">https:\/\/www.cuiablue.ee\/<\/a><\/p>","protected":false},"excerpt":{"rendered":"<p>USV A Universidade Stefan cel Mare of Suceava (USV) orgulha-se de ser uma das institui\u00e7\u00f5es Europeias de Ensino superior com&hellip;&nbsp;<a href=\"https:\/\/metaskills.erasmus.site\/pt\/partners\/\" rel=\"bookmark\">Ler mais &raquo;<span class=\"screen-reader-text\">Parceiros<\/span><\/a><\/p>\n","protected":false},"author":1,"featured_media":0,"parent":0,"menu_order":0,"comment_status":"closed","ping_status":"closed","template":"","meta":{"neve_meta_sidebar":"","neve_meta_container":"","neve_meta_enable_content_width":"off","neve_meta_content_width":100,"neve_meta_title_alignment":"","neve_meta_author_avatar":"","neve_post_elements_order":"","neve_meta_disable_header":"","neve_meta_disable_footer":"","neve_meta_disable_title":"","footnotes":""},"class_list":["post-83","page","type-page","status-publish","hentry"],"_links":{"self":[{"href":"https:\/\/metaskills.erasmus.site\/pt\/wp-json\/wp\/v2\/pages\/83","targetHints":{"allow":["GET"]}}],"collection":[{"href":"https:\/\/metaskills.erasmus.site\/pt\/wp-json\/wp\/v2\/pages"}],"about":[{"href":"https:\/\/metaskills.erasmus.site\/pt\/wp-json\/wp\/v2\/types\/page"}],"author":[{"embeddable":true,"href":"https:\/\/metaskills.erasmus.site\/pt\/wp-json\/wp\/v2\/users\/1"}],"replies":[{"embeddable":true,"href":"https:\/\/metaskills.erasmus.site\/pt\/wp-json\/wp\/v2\/comments?post=83"}],"version-history":[{"count":12,"href":"https:\/\/metaskills.erasmus.site\/pt\/wp-json\/wp\/v2\/pages\/83\/revisions"}],"predecessor-version":[{"id":142,"href":"https:\/\/metaskills.erasmus.site\/pt\/wp-json\/wp\/v2\/pages\/83\/revisions\/142"}],"wp:attachment":[{"href":"https:\/\/metaskills.erasmus.site\/pt\/wp-json\/wp\/v2\/media?parent=83"}],"curies":[{"name":"wp","href":"https:\/\/api.w.org\/{rel}","templated":true}]}}