{"id":76,"date":"2022-08-18T07:39:04","date_gmt":"2022-08-18T07:39:04","guid":{"rendered":"https:\/\/metaskills.erasmus.site\/?page_id=76"},"modified":"2022-12-02T14:10:57","modified_gmt":"2022-12-02T14:10:57","slug":"about","status":"publish","type":"page","link":"https:\/\/metaskills.erasmus.site\/ro\/about\/","title":{"rendered":"DESPRE PROIECT"},"content":{"rendered":"<p>Proiectul sprijin\u0103 planurile de transformare digital\u0103 a institu\u021biilor de educa\u021bie a adul\u021bilor prin cre\u0219terea capacit\u0103\u021bii \u0219i a preg\u0103tirii nu numai a institu\u021biilor, ci \u0219i a cursan\u021bilor acestora, oferind studen\u021bilor, profesorilor \u0219i managerilor centrelor de educa\u021bie a adul\u021bilor competen\u021bele \u0219i cuno\u0219tin\u021bele necesare pentru a gestiona o tranzi\u021bie eficient\u0103 c\u0103tre educa\u021bia digital\u0103. Proiectul ofer\u0103 o utilizare orientat\u0103 \u0219i inten\u021bionat\u0103 a tehnologiilor digitale \u00een educa\u021bia adul\u021bilor pentru sus\u021binerea pred\u0103rii, \u00eenv\u0103\u021b\u0103rii, evalu\u0103rii \u0219i implic\u0103rii. Proiectul va dezvolta o serie de abilit\u0103\u021bi \u0219i competen\u021be \u00een domeniul pedagogiei digitale pentru profesori, cu scopul de a \u00eencuraja \u0219i de a sprijini cursan\u021bii s\u0103 adopte o g\u00e2ndire critic\u0103, o abordare reflexiv\u0103 \u0219i metacognitiv\u0103 a propriului lor proces de \u00eenv\u0103\u021bare. Rezultatul proiectului va dezvolta \u00een continuare cadrele digitale europene existente pentru a crea un set personalizat de instrumente de sprijinire a cursan\u021bilor adul\u021bi vulnerabili \u0219i subreprezenta\u021bi, at\u00e2t pe plan personal, c\u00e2t \u0219i profesional. Proiectul abordeaz\u0103 \u00eembun\u0103t\u0103\u021birea oportunit\u0103\u021bilor de \u00eenv\u0103\u021bare de \u00eenalt\u0103 calitate pentru cursan\u021bii adul\u021bi vulnerabili, slab califica\u021bi \u0219i NEET (nu sunt \u00eencadra\u021bi profesional \u0219i nu urmeaz\u0103 niciun program educa\u021bional sau de formare), oferindu-le oportunit\u0103\u021bi de perfec\u021bionare pentru a fi capabili s\u0103 \u00ee\u0219i gestioneze propriul parcurs de \u00eenv\u0103\u021bare, s\u0103 \u00ee\u0219i monitorizeze \u0219i s\u0103 \u00ee\u0219i evalueze propriul progres \u0219i, \u00een cele din urm\u0103, s\u0103 \u00ee\u0219i dezvolte capacitatea metacognitiv\u0103 de a se adapta pentru a continua s\u0103 \u00eenve\u021be, prin auto-motivare \u00een situa\u021bii dificile, cum ar fi pandemia Covid-19.<\/p>\n<p><strong>Obiectivele finale ale proiectului sunt:<\/strong><\/p>\n<ul>\n<li>\u201eCrearea unei c\u0103i clare \u0219i directe de perfec\u021bionare pentru cursan\u021bii adul\u021bi vulnerabili \u0219i slab califica\u021bi, pentru a le \u00eembun\u0103t\u0103\u021bi accesul la competen\u021be neobi\u0219nuite, dar foarte importante;<\/li>\n<li>Cre\u0219terea gradului de asimilare \u00een ceea ce prive\u0219te educa\u021bia adul\u021bilor, prin cre\u0219terea capacit\u0103\u021bii adul\u021bilor cu un nivel sc\u0103zut de aptitudini, cuno\u0219tin\u021be \u0219i competen\u021be de a finaliza cu succes cursurile \u0219i calific\u0103rile din domeniul educa\u021biei adul\u021bilor;<\/li>\n<li>\u00cembun\u0103t\u0103\u021birea competen\u021belor de mentorat \u0219i de orientare ale educatorilor ca serviciu, pentru a se asigura c\u0103 elevii adul\u021bi au o capacitate de \u00eenv\u0103\u021bare relevant\u0103 pe tot parcursul vie\u021bii, cu ajutorul competen\u021belor lor metacognitive;<\/li>\n<li>Furnizarea de resurse, formare \u0219i sprijin, pentru a oferi strategii eficiente de informare, orientare \u0219i motivare pentru elevii adul\u021bi.\u201d<\/li>\n<\/ul>\n<p><strong>Rezultatele a\u0219teptate sunt:<\/strong><\/p>\n<ul>\n<li>Manual de Bune Practici Metacognitive &#8211; va aduna \u0219i analiza cele mai bune practici \u00een ceea ce prive\u0219te utilizarea activit\u0103\u021bilor metacognitive pentru a sprijini \u00eenv\u0103\u021barea reflexiv\u0103 \u0219i autodirec\u021bionat\u0103 \u00een mediile de \u00eenv\u0103\u021bare din cadrul educa\u021biei adul\u021bilor, \u00een special \u00een r\u00e2ndul cursan\u021bilor adul\u021bi slab califica\u021bi \u0219i NEET.<\/li>\n<li>Cadrul Competen\u021belor Metacognitive &#8211; ofer\u0103 o metod\u0103 eficient\u0103 de evaluare, men\u021binere \u0219i monitorizare a cuno\u0219tin\u021belor, abilit\u0103\u021bilor \u0219i atitudinilor metacognitive ale cursan\u021bilor, precum \u0219i a progreselor \u00eenregistrate \u00een acest sens.<\/li>\n<li>Curs Interactiv de Competen\u021be Metacognitive pentru Cursan\u021bi Adul\u021bi &#8211; un curs online de 30 de ore, ce are ca scop ini\u021bierea, explicarea \u0219i \u00eencurajarea cursan\u021bilor adul\u021bi cu nivel sc\u0103zut de calificare\/educa\u021bie, printr-o serie de module interactive \u0219i atractive, care acoper\u0103 \u00een detaliu fiecare competen\u021b\u0103 din cadrul metacognitiv.<\/li>\n<li>Curs de Competen\u021be Metacognitive pentru Formatori &#8211; un curs online de 15 ore, cu resurse de DPC care vor perfec\u021biona, recalifica \u0219i direc\u021biona educatorii \u0219i formatorii de adul\u021bi, pentru a avea abilit\u0103\u021bile \u0219i cuno\u0219tin\u021bele necesare acord\u0103rii, \u00een mod activ, de sprijin \u0219i \u00eendrumare pentru activit\u0103\u021bile de \u00eenv\u0103\u021bare autodirijat\u0103 \u0219i reflexiv\u0103 ale cursan\u021bilor adul\u021bi, cu privire la competen\u021bele lor metacognitive.<\/li>\n<li>Set de Instrumente de Gestionare a Competen\u021belor Metacognitive &#8211; ofer\u0103 resurse cheie organiza\u021biilor de educare a adul\u021bilor \u0219i liderilor acestora pentru a-i sprijini pe profesorii \u0219i cursan\u021bii lor s\u0103 fac\u0103 o tranzi\u021bie durabil\u0103 c\u0103tre integrarea metacogni\u021biei \u00een mediul lor existent de \u00eenv\u0103\u021bare a educa\u021biei adul\u021bilor.<\/li>\n<\/ul>\n<p><strong>Activit\u0103\u021bile proiectului sunt: <\/strong><\/p>\n<ul>\n<li>Efectuarea de cercet\u0103ri \u0219i analize privind cele mai bune practici \u00een activit\u0103\u021bile metacognitive \u00een vederea \u00eembun\u0103t\u0103\u021birii posibilit\u0103\u021bilor de \u00eenv\u0103\u021bare \u00een educa\u021bia adul\u021bilor;<\/li>\n<li>Crearea de metode \u0219i metodologii eficiente \u0219i inovatoare pentru a evalua, men\u021bine \u0219i \u00eembun\u0103t\u0103\u021bi cuno\u0219tin\u021bele \u0219i abilit\u0103\u021bile metacognitive ale cursan\u021bilor adul\u021bi prin crearea de oportunit\u0103\u021bi de \u00eenv\u0103\u021bare \u0219i educa\u021bie digital\u0103;<\/li>\n<li>Producerea unui curs electronic interactiv de \u00eenalt\u0103 calitate \u0219i a unui set de instrumente care vor oferi oportunit\u0103\u021bi educa\u021bionale pentru cursan\u021bii adul\u021bi slab califica\u021bi (\u00een special NEET) \u0219i vor perfec\u021biona \u0219i recalifica formatorii de adul\u021bi, pentru a r\u0103spunde mai bine nevoilor cursan\u021bilor, prin testarea produselor realizate cu ace\u0219tia.<\/li>\n<\/ul>\n<p>Impactul preconizat al proiectului asupra cursan\u021bilor adul\u021bi vulnerabili, slab califica\u021bi \u0219i NEET este o mai bun\u0103 cunoa\u0219tere de sine, abilit\u0103\u021bi sporite \u00een g\u00e2ndirea critic\u0103, \u00eembun\u0103t\u0103\u021birea dezvolt\u0103rii personale \u0219i a abilit\u0103\u021bilor de management, cre\u0219terea capacit\u0103\u021bii de angajare \u0219i a productivit\u0103\u021bii, responsabilizarea \u0219i independen\u021ba personal\u0103.<\/p>\n<p>De asemenea, impactul preconizat asupra personalului \u0219i profesorilor din domeniul educa\u021biei adul\u021bilor este o con\u0219tientizare mai profund\u0103 a competen\u021belor metacognitive cheie, \u00een\u021belegerea reglement\u0103rilor metacognitive, cunoa\u0219terea \u0219i aplicarea practic\u0103 a modului de gestionare a unui cursant prin fazele de planificare, monitorizare, evaluare \u0219i reflec\u021bie, o con\u0219tientizare sporit\u0103 a tipurilor de cursan\u021bi metacognitivi, \u00een\u021belegerea limitelor \u0219i a caracterului adecvat al metacogni\u021biei, o mai mare accesibilitate \u0219i con\u0219tientizare a unei baze mai largi de materiale \u0219i resurse de formare.<\/p>","protected":false},"excerpt":{"rendered":"<p>Proiectul sprijin\u0103 planurile de transformare digital\u0103 a institu\u021biilor de educa\u021bie a adul\u021bilor prin cre\u0219terea capacit\u0103\u021bii \u0219i a preg\u0103tirii nu numai&hellip;&nbsp;<a href=\"https:\/\/metaskills.erasmus.site\/ro\/about\/\" rel=\"bookmark\">Cite\u0219te mai mult &raquo;<span class=\"screen-reader-text\">DESPRE PROIECT<\/span><\/a><\/p>\n","protected":false},"author":1,"featured_media":0,"parent":0,"menu_order":0,"comment_status":"closed","ping_status":"closed","template":"","meta":{"neve_meta_sidebar":"","neve_meta_container":"","neve_meta_enable_content_width":"off","neve_meta_content_width":100,"neve_meta_title_alignment":"","neve_meta_author_avatar":"","neve_post_elements_order":"","neve_meta_disable_header":"","neve_meta_disable_footer":"","neve_meta_disable_title":"","footnotes":""},"class_list":["post-76","page","type-page","status-publish","hentry"],"_links":{"self":[{"href":"https:\/\/metaskills.erasmus.site\/ro\/wp-json\/wp\/v2\/pages\/76","targetHints":{"allow":["GET"]}}],"collection":[{"href":"https:\/\/metaskills.erasmus.site\/ro\/wp-json\/wp\/v2\/pages"}],"about":[{"href":"https:\/\/metaskills.erasmus.site\/ro\/wp-json\/wp\/v2\/types\/page"}],"author":[{"embeddable":true,"href":"https:\/\/metaskills.erasmus.site\/ro\/wp-json\/wp\/v2\/users\/1"}],"replies":[{"embeddable":true,"href":"https:\/\/metaskills.erasmus.site\/ro\/wp-json\/wp\/v2\/comments?post=76"}],"version-history":[{"count":10,"href":"https:\/\/metaskills.erasmus.site\/ro\/wp-json\/wp\/v2\/pages\/76\/revisions"}],"predecessor-version":[{"id":132,"href":"https:\/\/metaskills.erasmus.site\/ro\/wp-json\/wp\/v2\/pages\/76\/revisions\/132"}],"wp:attachment":[{"href":"https:\/\/metaskills.erasmus.site\/ro\/wp-json\/wp\/v2\/media?parent=76"}],"curies":[{"name":"wp","href":"https:\/\/api.w.org\/{rel}","templated":true}]}}