{"id":83,"date":"2022-08-18T07:41:04","date_gmt":"2022-08-18T07:41:04","guid":{"rendered":"https:\/\/metaskills.erasmus.site\/?page_id=83"},"modified":"2022-12-02T18:34:48","modified_gmt":"2022-12-02T18:34:48","slug":"partners","status":"publish","type":"page","link":"https:\/\/metaskills.erasmus.site\/ro\/partners\/","title":{"rendered":"Parteneri"},"content":{"rendered":"<p><\/p>\n<h2><img fetchpriority=\"high\" decoding=\"async\" class=\"wp-image-108 size-full aligncenter\" src=\"https:\/\/metaskills.erasmus.site\/wp-content\/uploads\/2022\/09\/usu.png\" alt=\"\" width=\"300\" height=\"300\" srcset=\"https:\/\/metaskills.erasmus.site\/wp-content\/uploads\/2022\/09\/usu.png 300w, https:\/\/metaskills.erasmus.site\/wp-content\/uploads\/2022\/09\/usu-150x150.png 150w\" sizes=\"(max-width: 300px) 100vw, 300px\" \/><\/h2>\n<h2 style=\"text-align: center;\"><strong>Universitatea \u0218tefan cel Mare (Suceava, Rom\u00e2nia)<\/strong><\/h2>\n<p>Universitatea \u0218tefan cel Mare (USV) se m\u00e2ndre\u0219te cu faptul c\u0103 este una dintre institu\u021biile europene de \u00eenv\u0103\u021b\u0103m\u00e2nt superior care \u00ee\u0219i propune s\u0103 contribuie la crearea \u0219i diseminarea cunoa\u0219terii prin activit\u0103\u021bi de educare \u0219i formare de calitate, cercetare \u0219i inovare, dezvoltare uman\u0103 \u0219i antreprenoriat. USV se afl\u0103 \u00een topul universit\u0103\u021bilor rom\u00e2ne\u0219ti cu rezultate remarcabile \u00een cercetare.<br \/>\nUSV este situat\u0103 la intersec\u021bia unor importante culturi europene, astfel, respectul pentru diversitate este una dintre principalele valori ale comunit\u0103\u021bii academice. Misiunea USV este de a contribui la dezvoltarea educa\u021bional\u0103, social\u0103 \u0219i economic\u0103 a comunit\u0103\u021bii, prin furnizarea de programe educa\u021bionale accesibile \u0219i recunoscute la nivel interna\u021bional, insufl\u00e2nd un angajament civic \u0219i o mai bun\u0103 incluziune social\u0103, precum \u0219i un comportament responsabil fa\u021b\u0103 de mediu \u0219i societate.<br \/>\nEduca\u021bia adul\u021bilor este o prioritate cheie pentru USV, \u00een consecin\u021b\u0103, USV are o interac\u021biune dinamic\u0103 cu comunit\u0103\u021bile locale \u0219i regionale pentru a r\u0103spunde nevoilor acestora prin furnizarea de educa\u021bie de calitate \u0219i acces la oportunit\u0103\u021bi. Ini\u021biativele educa\u021bionale \u0219i proiectele europene ale USV abordeaz\u0103 probleme economice, de mediu \u0219i sociale cheie, care au ca scop oferirea de sprijin \u0219i crearea unui impact de lung\u0103 durat\u0103. Implicarea USV \u00een via\u021ba comunit\u0103\u021bii locale ia diferite forme \u00een efortul de a oferi acces la cuno\u0219tin\u021be, de a cre\u0219te gradul de con\u0219tientizare, de a consolida abilit\u0103\u021bile importante, de a forma mentalit\u0103\u021bi, de a \u00eembun\u0103t\u0103\u021bi standardele de via\u021b\u0103 \u0219i de a crea oportunit\u0103\u021bi relevante.<\/p>\n<p><strong>Pagina de internet: <\/strong><a href=\"https:\/\/usv.ro\/\">https:\/\/usv.ro\/<\/a><\/p>\n<hr \/>\n<h2><img decoding=\"async\" class=\"wp-image-92 size-full aligncenter\" src=\"https:\/\/metaskills.erasmus.site\/wp-content\/uploads\/2022\/08\/kea.png\" alt=\"\" width=\"300\" height=\"300\" srcset=\"https:\/\/metaskills.erasmus.site\/wp-content\/uploads\/2022\/08\/kea.png 300w, https:\/\/metaskills.erasmus.site\/wp-content\/uploads\/2022\/08\/kea-150x150.png 150w\" sizes=\"(max-width: 300px) 100vw, 300px\" \/><\/h2>\n<h2 style=\"text-align: center;\"><strong>KENTRO EREUNAS KAI ANAPTYXIS IERAS MHTROPOLIS SYROU\/KEA IM SYROU&#8221; (Syros, Grecia)<\/strong><\/h2>\n<p>KEA IM Syrou este o organiza\u021bie non-profit, un ONG care ofer\u0103 cercetare \u0219i solutii pentru a testa, dezvolta \u0219i \u00eemputernici dimensiunea social\u0103 \u0219i a muncii \u00een prefectura din Ciclade \u0219i din sudul M\u0103rii Egee. KEA IM Syrou opereaz\u0103 la nivel local, na\u021bional \u0219i interna\u021bional, cu experien\u021be bazate pe rezultate concrete at\u00e2t ale proiectelor europene, c\u00e2t \u0219i ale programelor FSE finan\u021bate la nivel local. Prin implementarea cu succes a proiectelor, KEA IM Syrou a f\u0103cut schimb de know-how \u0219i a transferat experien\u021b\u0103 \u0219i un grad ridicat de expertiz\u0103, at\u00e2t \u00een ceea ce prive\u0219te dezvoltarea metodologiei, c\u00e2t \u0219i \u00een ceea ce prive\u0219te producerea de solu\u021bii practice care s\u0103 corespund\u0103 nevoilor specifice de dezvoltare profesional\u0103 \u0219i voca\u021bional\u0103, \u00eembog\u0103\u021bind \u00een acela\u0219i timp activit\u0103\u021bile \u0219i proiectele na\u021bionale de formare prin utilizarea unor instrumente \u0219i metodologii participative inovatoare \u00een vederea promov\u0103rii dezvolt\u0103rii culturale, educa\u021bionale, \u0219tiin\u021bifice \u0219i de durat\u0103. Scopul lor este de a facilita interac\u021biunea grupurilor, de a dezvolta abord\u0103ri inovatoare pentru integrarea \u0219i reabilitarea \u0219omerilor \u0219i a grupurilor sociale vulnerabile, de a oferi consiliere \u0219i orientare \u0219i de a proteja mediul \u0219i patrimoniul cultural.<\/p>\n<p><strong>Pagina de internet:<\/strong> <a href=\"http:\/\/www.keaimsyrou.gr\" target=\"_blank\" rel=\"noopener\">www.keaimsyrou.gr<\/a><\/p>\n<hr \/>\n<h2><img decoding=\"async\" class=\"wp-image-89 size-full aligncenter\" src=\"https:\/\/metaskills.erasmus.site\/wp-content\/uploads\/2022\/08\/danmar.png\" alt=\"\" width=\"300\" height=\"300\" srcset=\"https:\/\/metaskills.erasmus.site\/wp-content\/uploads\/2022\/08\/danmar.png 300w, https:\/\/metaskills.erasmus.site\/wp-content\/uploads\/2022\/08\/danmar-150x150.png 150w\" sizes=\"(max-width: 300px) 100vw, 300px\" \/><\/h2>\n<h2 style=\"text-align: center;\">Danmar Computers (Rzeszow, Polonia)<\/h2>\n<p>Danmar Computers este o companie privat\u0103, care activeaz\u0103 \u00een domeniul tehnologiei informa\u021biei \u0219i ofer\u0103 cursuri de formare profesional\u0103 \u00een acest domeniu. Personalul firmei are o experien\u021b\u0103 vast\u0103 \u00een dezvoltarea de aplica\u021bii moderne web \u0219i mobile care sunt utilizate \u00een scopuri educa\u021bionale. De asemenea, au o experien\u021b\u0103 \u00eendelungat\u0103 \u00een derularea de proiecte europene \u00een cadrul c\u0103rora personalul de cercetare \u0219i dezvoltare al companiei efectueaz\u0103 cercet\u0103ri \u0219i preg\u0103te\u0219te cursuri de formare profesional\u0103 adaptate la nevoile diverse ale cursan\u021bilor. Danmar Computers a derulat, printre altele, programe educa\u021bionale ale Uniunii Europene: Progress, fostul Leonardo da Vinci \u0219i Grundtvig, \u00een prezent Erasmus+ \u0219i Horizon2020. \u00cen multe dintre aceste proiecte, Danmar a fost responsabil\u0103 pentru conceperea \u0219i coordonarea strategiilor de diseminare. Danmar Computers este, de asemenea, dezvoltatorul \u0219i furnizorul AdminProject, sistemul online de gestionare a proiectelor europene.<br \/>\nToate activit\u0103\u021bile companiei se bazeaz\u0103 pe o vast\u0103 \u0219i consolidat\u0103 re\u021bea de cooperare, at\u00e2t la nivel na\u021bional, c\u00e2t \u0219i interna\u021bional. Re\u021belele na\u021bionale includ institu\u021bii de formare \u0219i consiliere, universit\u0103\u021bi, \u0219coli, organiza\u021bii neguvernamentale, precum \u0219i companii din sectorul privat. Re\u021beaua interna\u021bional\u0103 include parteneri de diferite profiluri provenind din fiecare \u021bar\u0103 a Uniunii Europene. Misiunea Danmar Computer este promovarea educa\u021biei pe tot parcursul vie\u021bii \u0219i asigurarea accesului egal la educa\u021bie pentru toat\u0103 lumea cu ajutorul tehnologiei moderne.<\/p>\n<p>Pagina de internet: <a href=\"https:\/\/www.danmar-computers.com.pl\/\">www.danmar-computers.com.pl<\/a><\/p>\n<hr \/>\n<h2><img loading=\"lazy\" decoding=\"async\" class=\"wp-image-90 size-full aligncenter\" src=\"https:\/\/metaskills.erasmus.site\/wp-content\/uploads\/2022\/08\/ed.png\" alt=\"\" width=\"300\" height=\"300\" srcset=\"https:\/\/metaskills.erasmus.site\/wp-content\/uploads\/2022\/08\/ed.png 300w, https:\/\/metaskills.erasmus.site\/wp-content\/uploads\/2022\/08\/ed-150x150.png 150w\" sizes=\"(max-width: 300px) 100vw, 300px\" \/><\/h2>\n<h2 style=\"text-align: center;\">E&amp;D Knowledge Consulting (Porto, Portugalia)<\/h2>\n<p>E&amp;D Knowledge Consulting este o companie de consultan\u021b\u0103 \u0219i formare profesional\u0103 specializat\u0103 \u00een sprijinirea dezvolt\u0103rii competen\u021belor necesare pentru promovarea inov\u0103rii \u00een mediul de afaceri, \u00een sectorul public \u0219i \u00een cel social. E&amp;D ofer\u0103 managerilor \u0219i antreprenorilor competen\u021bele, cuno\u0219tin\u021bele \u0219i instrumentele necesare pentru a implementa \u0219i executa cu succes strategiile de inovare \u00een cadrul organiza\u021biilor lor, precum \u0219i pentru a stimula inovarea \u00een mediul lor. E&amp;D sprijin\u0103 organiza\u021biile s\u0103 fac\u0103 din inovare o parte din ADN-ul lor &#8211; de la audituri de inovare, prin sprijin pentru definirea \u0219i punerea \u00een aplicare a strategiilor de inovare, p\u00e2n\u0103 la dezvoltarea de procese \u0219i mecanisme de inovare adaptate la nevoile individuale ale organiza\u021biilor.<br \/>\nProdusele E&amp;D sunt definite \u00een mod individual pe baza nevoilor specifice ale fiec\u0103rei organiza\u021bii. Unele dintre cele mai frecvente interven\u021bii acoper\u0103:<\/p>\n<ul>\n<li>construirea unei \u00een\u021belegeri adecvate a inov\u0103rii \u00een r\u00e2ndul profesioni\u0219tilor din sectoarele non-tehnologice \u0219i slab tehnologizate \u0219i a capacit\u0103\u021bii acestora de a pune \u00een aplicare procesul de inovare \u0219i de a transforma eforturile de inovare \u00een profit,<\/li>\n<li>dezvoltarea \u0219i inovarea modelelor de afaceri,<\/li>\n<li>sprijinirea proceselor creative \u0219i a ideilor de inovare,<\/li>\n<li>dezvoltarea unei mentalit\u0103\u021bi inovatoare \u00een r\u00e2ndul persoanelor \u0219i \u00een cadrul organiza\u021biilor,<\/li>\n<li>dezvoltarea mecanismelor \u0219i a culturii pentru inovare,<\/li>\n<li>dezvoltarea competen\u021belor antreprenoriale \u0219i a competen\u021belor transversale,<\/li>\n<li>colaborarea pentru inovare (competen\u021be, mecanisme \u0219i instrumente pentru crearea de rela\u021bii \u0219i inovare deschis\u0103).<\/li>\n<\/ul>\n<p><strong>Pagina de internet: <\/strong><a href=\"http:\/\/www.ed-knowledgeconsulting.com\/\">www.ed-knowledgeconsulting.com\/<\/a><\/p>\n<hr \/>\n<h2><img loading=\"lazy\" decoding=\"async\" class=\"wp-image-87 size-full aligncenter\" src=\"https:\/\/metaskills.erasmus.site\/wp-content\/uploads\/2022\/08\/cesie.png\" alt=\"\" width=\"300\" height=\"300\" srcset=\"https:\/\/metaskills.erasmus.site\/wp-content\/uploads\/2022\/08\/cesie.png 300w, https:\/\/metaskills.erasmus.site\/wp-content\/uploads\/2022\/08\/cesie-150x150.png 150w\" sizes=\"(max-width: 300px) 100vw, 300px\" \/><\/h2>\n<h2 style=\"text-align: center;\">CESIE (Palermo, Italia)<\/h2>\n<p>ESIE este o organiza\u021bie nonprofit \u0219i neguvernamental\u0103 cu sediul \u00een Palermo (Italia), \u00eenfiin\u021bat\u0103 \u00een 2001, care se dedic\u0103 promov\u0103rii dezvolt\u0103rii culturale, sociale, educa\u021bionale \u0219i economice la nivel local, na\u021bional, european \u0219i interna\u021bional. CESIE contribuie la cre\u0219tere \u0219i dezvoltare prin participarea activ\u0103 a oamenilor, a societ\u0103\u021bii civile \u0219i a institu\u021biilor, valorific\u00e2nd \u00eentotdeauna diversitatea. Inspirat\u0103 de munca \u0219i via\u021ba lui Danilo Dolci, CESIE \u00ee\u0219i concentreaz\u0103 ac\u021biunile pe cercetarea nevoilor \u0219i provoc\u0103rilor sociale \u0219i pe utilizarea unor abord\u0103ri inovatoare de \u00eenv\u0103\u021bare. \u00cen acest fel, organiza\u021bia conecteaz\u0103 \u00een mod activ cercetarea cu ac\u021biunea, prin utilizarea abord\u0103rilor de \u00eenv\u0103\u021bare formal\u0103 \u0219i non-formal\u0103, urm\u0103rindu-\u0219i \u00een acela\u0219i timp misiunea principal\u0103 de a promova inovarea, implicarea \u0219i cre\u0219terea educa\u021bional\u0103. Structura organiza\u021bional\u0103 este \u00eemp\u0103r\u021bit\u0103 \u00een 6 unit\u0103\u021bi tematice care lucreaz\u0103 \u00een sinergie \u0219i gestioneaz\u0103 activit\u0103\u021bi \u00een domeniile lor specifice: educa\u021bia adul\u021bilor (oportunit\u0103\u021bi de \u00eenv\u0103\u021bare pe tot parcursul vie\u021bii), educa\u021bia \u0219colar\u0103 (inovare \u0219i sprijin pentru diversitate \u00een educa\u021bia \u0219colar\u0103), migra\u021bia tinerilor, \u00eenv\u0103\u021b\u0103m\u00e2nt superior, cercetare \u00een domeniul drepturilor \u0219i \u00een justi\u021bie.<\/p>\n<p><strong>Pagina de internet: <\/strong><a href=\"http:\/\/www.cesie.org\" target=\"_blank\" rel=\"noopener\">www.cesie.org<\/a><\/p>\n<hr \/>\n<h2><img loading=\"lazy\" decoding=\"async\" class=\"size-full wp-image-85 aligncenter\" src=\"https:\/\/metaskills.erasmus.site\/wp-content\/uploads\/2022\/08\/ades.png\" alt=\"\" width=\"300\" height=\"300\" srcset=\"https:\/\/metaskills.erasmus.site\/wp-content\/uploads\/2022\/08\/ades.png 300w, https:\/\/metaskills.erasmus.site\/wp-content\/uploads\/2022\/08\/ades-150x150.png 150w\" sizes=\"(max-width: 300px) 100vw, 300px\" \/><\/h2>\n<h2 style=\"text-align: center;\">ADES (Curtea de Arge\u0219, Rom\u00e2nia)<\/h2>\n<p>Asocia\u021bia de Dezvoltare Economico-Social\u0103 din Curtea de Arge\u0219, Rom\u00e2nia, este o organiza\u021bie f\u0103r\u0103 scop lucrativ, care a devenit persoan\u0103 juridic\u0103 (ONG) \u00een iunie 1995. Misiunea ADES este de a crea schimb\u0103ri sociale \u0219i economice pozitive \u00een comunit\u0103\u021bile din Rom\u00e2nia, \u00eentr-un mod profesionist, etic \u0219i responsabil.<br \/>\nEchipa ADES urm\u0103re\u0219te dezvoltarea competen\u021belor personale \u0219i profesionale, sprijinirea dezvolt\u0103rii \u0219i expansiunii IMM-urilor, \u00eembun\u0103t\u0103\u021birea condi\u021biilor sociale \u0219i economice \u00een comunit\u0103\u021bile locale.<br \/>\nDin 1995, ADES a dezvoltat \u0219i implementat cu succes peste 50 de proiecte finan\u021bate de Uniunea European\u0103, Banca Mondial\u0103, Ambasada SUA, European Business Development Program, Funda\u021bia pentru o Societate Deschis\u0103, Charity Know How Fund etc. ADES a colaborat foarte str\u00e2ns cu comunit\u0103\u021bile, sursele de finan\u021bare \u0219i partenerii de implementare (autorit\u0103\u021bi publice locale, companii, ONG-uri \u0219i \u0219coli) pentru a executa proiecte de dezvoltare socio-economic\u0103.<\/p>\n<p>Pentru mai multe informa\u021bii despre ADES, v\u0103 rug\u0103m s\u0103 vizita\u021bi:\u00a0<a href=\"https:\/\/www.facebook.com\/ADESCDA\/\">www.facebook.com\/ADESCDA\/<\/a> \u0219i <a href=\"https:\/\/www.linkedin.com\/company\/43363632\">https:\/\/www.linkedin.com\/company\/43363632<\/a>.<\/p>\n<hr \/>\n<h2><img loading=\"lazy\" decoding=\"async\" class=\"wp-image-88 size-full aligncenter\" src=\"https:\/\/metaskills.erasmus.site\/wp-content\/uploads\/2022\/08\/cuiblue.png\" alt=\"\" width=\"300\" height=\"300\" srcset=\"https:\/\/metaskills.erasmus.site\/wp-content\/uploads\/2022\/08\/cuiblue.png 300w, https:\/\/metaskills.erasmus.site\/wp-content\/uploads\/2022\/08\/cuiblue-150x150.png 150w\" sizes=\"(max-width: 300px) 100vw, 300px\" \/><\/h2>\n<h2 style=\"text-align: center;\">Cuiablue O\u00dc (Tallinn, Estonia)<\/h2>\n<p>Cuiablue O\u00dc este o \u00eentreprindere social\u0103 care determin\u0103 schimb\u0103ri sociale \u0219i de mediu pozitive, prin solu\u021bii educa\u021bionale creative pentru \u00eenv\u0103\u021barea informal\u0103 personalizat\u0103 \u0219i formarea profesional\u0103. Activit\u0103\u021bile de baz\u0103 ale Cuiablue O\u00dc sunt proiectarea, dezvoltarea, gestionarea, implementarea, precum \u0219i diseminarea \u0219i exploatarea pe scar\u0103 larg\u0103 a proiectelor \u0219i programelor de inovare social\u0103 \u0219i de cercetare, pentru a sprijini obiectivele strategice europene mai largi. Cuiablue O\u00dc este specializat\u0103 \u00een conceperea de instrumente inovatoare pentru a sprijini mi\u0219c\u0103rile de \u00eenv\u0103\u021bare, prin colaborarea cu grupuri de persoane, pentru a promova ideile lor comune de mediu, sociale sau culturale, dezvolt\u00e2ndu-\u0219i \u00een acela\u0219i timp competen\u021bele \u0219i cuno\u0219tin\u021bele. Scopul este de a utiliza expertiza \u0219i re\u021belele europene, pentru a genera un impact social \u0219i digital pozitiv pe termen lung \u00een domeniile educa\u021biei adul\u021bilor, educa\u021biei \u0219colare, educa\u021biei profesionale \u0219i form\u0103rii profesionale, \u00eencuraj\u00e2nd \u00een acela\u0219i timp responsabilizarea \u0219i participarea activ\u0103 \u00een r\u00e2ndul tinerilor \u0219i al comunit\u0103\u021bilor marginalizate, cum ar fi persoanele \u00een v\u00e2rst\u0103, refugia\u021bii \u0219i migran\u021bii.<\/p>\n<p>Pagina de internet: <a href=\"https:\/\/www.cuiablue.ee\/\">https:\/\/www.cuiablue.ee\/<\/a><\/p>","protected":false},"excerpt":{"rendered":"<p>Universitatea \u0218tefan cel Mare (Suceava, Rom\u00e2nia) Universitatea \u0218tefan cel Mare (USV) se m\u00e2ndre\u0219te cu faptul c\u0103 este una dintre institu\u021biile&hellip;&nbsp;<a href=\"https:\/\/metaskills.erasmus.site\/ro\/partners\/\" rel=\"bookmark\">Cite\u0219te mai mult &raquo;<span class=\"screen-reader-text\">Parteneri<\/span><\/a><\/p>\n","protected":false},"author":1,"featured_media":0,"parent":0,"menu_order":0,"comment_status":"closed","ping_status":"closed","template":"","meta":{"neve_meta_sidebar":"","neve_meta_container":"","neve_meta_enable_content_width":"off","neve_meta_content_width":100,"neve_meta_title_alignment":"","neve_meta_author_avatar":"","neve_post_elements_order":"","neve_meta_disable_header":"","neve_meta_disable_footer":"","neve_meta_disable_title":"","footnotes":""},"class_list":["post-83","page","type-page","status-publish","hentry"],"_links":{"self":[{"href":"https:\/\/metaskills.erasmus.site\/ro\/wp-json\/wp\/v2\/pages\/83","targetHints":{"allow":["GET"]}}],"collection":[{"href":"https:\/\/metaskills.erasmus.site\/ro\/wp-json\/wp\/v2\/pages"}],"about":[{"href":"https:\/\/metaskills.erasmus.site\/ro\/wp-json\/wp\/v2\/types\/page"}],"author":[{"embeddable":true,"href":"https:\/\/metaskills.erasmus.site\/ro\/wp-json\/wp\/v2\/users\/1"}],"replies":[{"embeddable":true,"href":"https:\/\/metaskills.erasmus.site\/ro\/wp-json\/wp\/v2\/comments?post=83"}],"version-history":[{"count":12,"href":"https:\/\/metaskills.erasmus.site\/ro\/wp-json\/wp\/v2\/pages\/83\/revisions"}],"predecessor-version":[{"id":142,"href":"https:\/\/metaskills.erasmus.site\/ro\/wp-json\/wp\/v2\/pages\/83\/revisions\/142"}],"wp:attachment":[{"href":"https:\/\/metaskills.erasmus.site\/ro\/wp-json\/wp\/v2\/media?parent=83"}],"curies":[{"name":"wp","href":"https:\/\/api.w.org\/{rel}","templated":true}]}}